{"id":16080,"date":"2023-11-29T10:36:08","date_gmt":"2023-11-29T10:36:08","guid":{"rendered":"https:\/\/butam.az\/?page_id=16080"},"modified":"2023-11-29T11:30:35","modified_gmt":"2023-11-29T11:30:35","slug":"mehsullar","status":"publish","type":"page","link":"https:\/\/butam.az\/index.php\/mehsullar\/","title":{"rendered":"M\u0259hsullar"},"content":{"rendered":"\t\t<div data-elementor-type=\"wp-page\" data-elementor-id=\"16080\" class=\"elementor elementor-16080\" data-elementor-post-type=\"page\">\n\t\t\t\t<div class=\"elementor-element elementor-element-4358a43 e-flex e-con-boxed wd-section-disabled e-con e-parent\" data-id=\"4358a43\" data-element_type=\"container\">\n\t\t\t\t\t<div class=\"e-con-inner\">\n\t\t<div class=\"elementor-element elementor-element-0ed766f e-con-full e-flex wd-section-disabled e-con e-child\" data-id=\"0ed766f\" data-element_type=\"container\">\n\t\t\t\t<div class=\"elementor-element elementor-element-f55c26f elementor-widget elementor-widget-wd_banner\" data-id=\"f55c26f\" data-element_type=\"widget\" data-widget_type=\"wd_banner.default\">\n\t\t\t\t<div class=\"elementor-widget-container\">\n\t\t\t\t\t\t\t<div class=\"promo-banner-wrapper\">\n\t\t\t<div class=\"promo-banner banner-mask banner-hover-none color-scheme-light banner-btn-size-small banner-btn-style-bordered with-btn banner-btn-position-static cursor-pointer\" onclick=\"window.location.href='https:\/\/butam.az\/index.php\/dadlandiricilar\/'\">\n\t\t\t\t<div class=\"main-wrapp-img\">\n\t\t\t\t\t<div class=\"banner-image\">\n\t\t\t\t\t\t\t\t\t\t\t\t\t\t\t\t\t\t\t\t\t<img fetchpriority=\"high\" decoding=\"async\" width=\"1200\" height=\"800\" src=\"https:\/\/butam.az\/wp-content\/uploads\/2023\/11\/buta_8901-1200x800.jpg\" class=\"attachment-large size-large\" alt=\"\" srcset=\"https:\/\/butam.az\/wp-content\/uploads\/2023\/11\/buta_8901-1200x800.jpg 1200w, https:\/\/butam.az\/wp-content\/uploads\/2023\/11\/buta_8901-scaled-430x287.jpg 430w, https:\/\/butam.az\/wp-content\/uploads\/2023\/11\/buta_8901-scaled-150x100.jpg 150w, https:\/\/butam.az\/wp-content\/uploads\/2023\/11\/buta_8901-scaled-700x467.jpg 700w, https:\/\/butam.az\/wp-content\/uploads\/2023\/11\/buta_8901-400x267.jpg 400w, https:\/\/butam.az\/wp-content\/uploads\/2023\/11\/buta_8901-768x512.jpg 768w, https:\/\/butam.az\/wp-content\/uploads\/2023\/11\/buta_8901-1536x1024.jpg 1536w, https:\/\/butam.az\/wp-content\/uploads\/2023\/11\/buta_8901-2048x1365.jpg 2048w, https:\/\/butam.az\/wp-content\/uploads\/2023\/11\/buta_8901-860x573.jpg 860w\" sizes=\"(max-width: 1200px) 100vw, 1200px\" \/>\t\t\t\t\t\t\t\t\t\t\t\t\t\t\t\t\t\t<\/div>\n\t\t\t\t<\/div>\n\n\t\t\t\t<div class=\"wrapper-content-banner wd-fill wd-items-middle wd-justify-left\">\n\t\t\t\t\t<div class=\"content-banner  text-left\">\n\t\t\t\t\t\t\n\t\t\t\t\t\t\t\t\t\t\t\t\t<h4 class=\"banner-title wd-fontsize-xl\" data-elementor-setting-key=\"title\">\n\t\t\t\t\t\t\t\tDadland\u0131r\u0131c\u0131lar\t\t\t\t\t\t\t<\/h4>\n\t\t\t\t\t\t\n\t\t\t\t\t\t\n\t\t\t\t\t\t\n\t\t\t\t\t\t\t\t\t\t\t\t\t<div class=\"banner-btn-wrapper\">\n\t\t\t\t\t\t\t\t\t\t<div class=\"wd-button-wrapper text-left\" >\n\t\t\t<a class=\"btn btn-style-bordered btn-style-semi-round btn-size-small btn-color-white btn-icon-pos-right\" >\n\t\t\t\t<span class=\"wd-btn-text\" data-elementor-setting-key=\"text\">\n\t\t\t\t\tDaha \u0259trafl\u0131\t\t\t\t<\/span>\n\n\t\t\t\t\t\t\t<\/a>\n\t\t<\/div>\n\t\t\t\t\t\t\t\t\t<\/div>\n\t\t\t\t\t\t\t\t\t\t\t<\/div>\n\t\t\t\t<\/div>\n\t\t\t<\/div>\n\t\t<\/div>\n\t\t\t\t\t\t<\/div>\n\t\t\t\t<\/div>\n\t\t\t\t<\/div>\n\t\t<div class=\"elementor-element elementor-element-34da72f e-con-full e-flex wd-section-disabled e-con e-child\" data-id=\"34da72f\" data-element_type=\"container\">\n\t\t\t\t<div class=\"elementor-element elementor-element-f0cd0cc elementor-widget elementor-widget-wd_banner\" data-id=\"f0cd0cc\" data-element_type=\"widget\" data-widget_type=\"wd_banner.default\">\n\t\t\t\t<div class=\"elementor-widget-container\">\n\t\t\t\t\t\t\t<div class=\"promo-banner-wrapper\">\n\t\t\t<div class=\"promo-banner banner-mask banner-hover-none color-scheme-light banner-btn-size-small banner-btn-style-bordered with-btn banner-btn-position-static cursor-pointer\" onclick=\"window.location.href='https:\/\/butam.az\/index.php\/et-mehsullari\/'\">\n\t\t\t\t<div class=\"main-wrapp-img\">\n\t\t\t\t\t<div class=\"banner-image\">\n\t\t\t\t\t\t\t\t\t\t\t\t\t\t\t\t\t\t\t\t\t<img decoding=\"async\" width=\"1300\" height=\"650\" src=\"https:\/\/butam.az\/wp-content\/uploads\/2023\/11\/2101.i309.022_meat_realistic_composition_1-1300x650.jpg\" class=\"attachment-large size-large\" alt=\"\" srcset=\"https:\/\/butam.az\/wp-content\/uploads\/2023\/11\/2101.i309.022_meat_realistic_composition_1-1300x650.jpg 1300w, https:\/\/butam.az\/wp-content\/uploads\/2023\/11\/2101.i309.022_meat_realistic_composition_1-scaled-430x215.jpg 430w, https:\/\/butam.az\/wp-content\/uploads\/2023\/11\/2101.i309.022_meat_realistic_composition_1-scaled-150x75.jpg 150w, https:\/\/butam.az\/wp-content\/uploads\/2023\/11\/2101.i309.022_meat_realistic_composition_1-scaled-700x350.jpg 700w, https:\/\/butam.az\/wp-content\/uploads\/2023\/11\/2101.i309.022_meat_realistic_composition_1-400x200.jpg 400w, https:\/\/butam.az\/wp-content\/uploads\/2023\/11\/2101.i309.022_meat_realistic_composition_1-768x384.jpg 768w, https:\/\/butam.az\/wp-content\/uploads\/2023\/11\/2101.i309.022_meat_realistic_composition_1-1536x768.jpg 1536w, https:\/\/butam.az\/wp-content\/uploads\/2023\/11\/2101.i309.022_meat_realistic_composition_1-2048x1024.jpg 2048w, https:\/\/butam.az\/wp-content\/uploads\/2023\/11\/2101.i309.022_meat_realistic_composition_1-860x430.jpg 860w\" sizes=\"(max-width: 1300px) 100vw, 1300px\" \/>\t\t\t\t\t\t\t\t\t\t\t\t\t\t\t\t\t\t<\/div>\n\t\t\t\t<\/div>\n\n\t\t\t\t<div class=\"wrapper-content-banner wd-fill wd-items-middle wd-justify-left\">\n\t\t\t\t\t<div class=\"content-banner  text-left\">\n\t\t\t\t\t\t\n\t\t\t\t\t\t\t\t\t\t\t\t\t<h4 class=\"banner-title wd-fontsize-xl\" data-elementor-setting-key=\"title\">\n\t\t\t\t\t\t\t\t\u018ft M\u0259hsullar\u0131\t\t\t\t\t\t\t<\/h4>\n\t\t\t\t\t\t\n\t\t\t\t\t\t\n\t\t\t\t\t\t\n\t\t\t\t\t\t\t\t\t\t\t\t\t<div class=\"banner-btn-wrapper\">\n\t\t\t\t\t\t\t\t\t\t<div class=\"wd-button-wrapper text-left\" >\n\t\t\t<a class=\"btn btn-style-bordered btn-style-semi-round btn-size-small btn-color-white btn-icon-pos-right\" >\n\t\t\t\t<span class=\"wd-btn-text\" data-elementor-setting-key=\"text\">\n\t\t\t\t\tDaha \u0259trafl\u0131\t\t\t\t<\/span>\n\n\t\t\t\t\t\t\t<\/a>\n\t\t<\/div>\n\t\t\t\t\t\t\t\t\t<\/div>\n\t\t\t\t\t\t\t\t\t\t\t<\/div>\n\t\t\t\t<\/div>\n\t\t\t<\/div>\n\t\t<\/div>\n\t\t\t\t\t\t<\/div>\n\t\t\t\t<\/div>\n\t\t\t\t<\/div>\n\t\t<div class=\"elementor-element elementor-element-768fea9 e-con-full e-flex wd-section-disabled e-con e-child\" data-id=\"768fea9\" data-element_type=\"container\">\n\t\t\t\t<div class=\"elementor-element elementor-element-1765f8d elementor-widget elementor-widget-wd_banner\" data-id=\"1765f8d\" data-element_type=\"widget\" data-widget_type=\"wd_banner.default\">\n\t\t\t\t<div class=\"elementor-widget-container\">\n\t\t\t\t\t\t\t<div class=\"promo-banner-wrapper\">\n\t\t\t<div class=\"promo-banner banner-mask banner-hover-none color-scheme-light banner-btn-size-small banner-btn-style-bordered with-btn banner-btn-position-static cursor-pointer\" onclick=\"window.location.href='https:\/\/butam.az\/index.php\/yaglar\/'\">\n\t\t\t\t<div class=\"main-wrapp-img\">\n\t\t\t\t\t<div class=\"banner-image\">\n\t\t\t\t\t\t\t\t\t\t\t\t\t\t\t\t\t\t\t\t\t<img decoding=\"async\" width=\"1300\" height=\"696\" src=\"https:\/\/butam.az\/wp-content\/uploads\/2023\/11\/bu9183131-1300x696.jpg\" class=\"attachment-large size-large\" alt=\"\" srcset=\"https:\/\/butam.az\/wp-content\/uploads\/2023\/11\/bu9183131-1300x696.jpg 1300w, https:\/\/butam.az\/wp-content\/uploads\/2023\/11\/bu9183131-430x230.jpg 430w, https:\/\/butam.az\/wp-content\/uploads\/2023\/11\/bu9183131-150x80.jpg 150w, https:\/\/butam.az\/wp-content\/uploads\/2023\/11\/bu9183131-700x375.jpg 700w, https:\/\/butam.az\/wp-content\/uploads\/2023\/11\/bu9183131-400x214.jpg 400w, https:\/\/butam.az\/wp-content\/uploads\/2023\/11\/bu9183131-768x411.jpg 768w, https:\/\/butam.az\/wp-content\/uploads\/2023\/11\/bu9183131-1536x823.jpg 1536w, https:\/\/butam.az\/wp-content\/uploads\/2023\/11\/bu9183131-2048x1097.jpg 2048w, https:\/\/butam.az\/wp-content\/uploads\/2023\/11\/bu9183131-860x461.jpg 860w\" sizes=\"(max-width: 1300px) 100vw, 1300px\" \/>\t\t\t\t\t\t\t\t\t\t\t\t\t\t\t\t\t\t<\/div>\n\t\t\t\t<\/div>\n\n\t\t\t\t<div class=\"wrapper-content-banner wd-fill wd-items-middle wd-justify-left\">\n\t\t\t\t\t<div class=\"content-banner  text-left\">\n\t\t\t\t\t\t\n\t\t\t\t\t\t\t\t\t\t\t\t\t<h4 class=\"banner-title wd-fontsize-xl\" data-elementor-setting-key=\"title\">\n\t\t\t\t\t\t\t\tYa\u011flar\t\t\t\t\t\t\t<\/h4>\n\t\t\t\t\t\t\n\t\t\t\t\t\t\n\t\t\t\t\t\t\n\t\t\t\t\t\t\t\t\t\t\t\t\t<div class=\"banner-btn-wrapper\">\n\t\t\t\t\t\t\t\t\t\t<div class=\"wd-button-wrapper text-left\" >\n\t\t\t<a class=\"btn btn-style-bordered btn-style-semi-round btn-size-small btn-color-white btn-icon-pos-right\" >\n\t\t\t\t<span class=\"wd-btn-text\" data-elementor-setting-key=\"text\">\n\t\t\t\t\tDaha \u0259trafl\u0131\t\t\t\t<\/span>\n\n\t\t\t\t\t\t\t<\/a>\n\t\t<\/div>\n\t\t\t\t\t\t\t\t\t<\/div>\n\t\t\t\t\t\t\t\t\t\t\t<\/div>\n\t\t\t\t<\/div>\n\t\t\t<\/div>\n\t\t<\/div>\n\t\t\t\t\t\t<\/div>\n\t\t\t\t<\/div>\n\t\t\t\t<\/div>\n\t\t\t\t\t<\/div>\n\t\t\t\t<\/div>\n\t\t\t\t<\/div>\n\t\t","protected":false},"excerpt":{"rendered":"<p>Dadland\u0131r\u0131c\u0131lar Daha \u0259trafl\u0131 \u018ft M\u0259hsullar\u0131 Daha \u0259trafl\u0131 Ya\u011flar Daha \u0259trafl\u0131<\/p>\n","protected":false},"author":1,"featured_media":0,"parent":0,"menu_order":0,"comment_status":"closed","ping_status":"closed","template":"","meta":{"footnotes":""},"class_list":["post-16080","page","type-page","status-publish","hentry"],"_links":{"self":[{"href":"https:\/\/butam.az\/index.php\/wp-json\/wp\/v2\/pages\/16080"}],"collection":[{"href":"https:\/\/butam.az\/index.php\/wp-json\/wp\/v2\/pages"}],"about":[{"href":"https:\/\/butam.az\/index.php\/wp-json\/wp\/v2\/types\/page"}],"author":[{"embeddable":true,"href":"https:\/\/butam.az\/index.php\/wp-json\/wp\/v2\/users\/1"}],"replies":[{"embeddable":true,"href":"https:\/\/butam.az\/index.php\/wp-json\/wp\/v2\/comments?post=16080"}],"version-history":[{"count":28,"href":"https:\/\/butam.az\/index.php\/wp-json\/wp\/v2\/pages\/16080\/revisions"}],"predecessor-version":[{"id":16122,"href":"https:\/\/butam.az\/index.php\/wp-json\/wp\/v2\/pages\/16080\/revisions\/16122"}],"wp:attachment":[{"href":"https:\/\/butam.az\/index.php\/wp-json\/wp\/v2\/media?parent=16080"}],"curies":[{"name":"wp","href":"https:\/\/api.w.org\/{rel}","templated":true}]}}