{"id":16109,"date":"2023-11-29T11:26:29","date_gmt":"2023-11-29T11:26:29","guid":{"rendered":"https:\/\/butam.az\/?page_id=16109"},"modified":"2023-11-29T11:28:45","modified_gmt":"2023-11-29T11:28:45","slug":"et-mehsullari","status":"publish","type":"page","link":"https:\/\/butam.az\/index.php\/et-mehsullari\/","title":{"rendered":"\u018ft M\u0259hsullar\u0131"},"content":{"rendered":"\t\t<div data-elementor-type=\"wp-page\" data-elementor-id=\"16109\" class=\"elementor elementor-16109\" data-elementor-post-type=\"page\">\n\t\t\t\t<div class=\"elementor-element elementor-element-40c17f8 e-flex e-con-boxed wd-section-disabled e-con e-parent\" data-id=\"40c17f8\" data-element_type=\"container\">\n\t\t\t\t\t<div class=\"e-con-inner\">\n\t\t\t\t<div class=\"elementor-element elementor-element-135d819 elementor-widget elementor-widget-wd_products\" data-id=\"135d819\" data-element_type=\"widget\" data-widget_type=\"wd_products.default\">\n\t\t\t\t<div class=\"elementor-widget-container\">\n\t\t\t\t\t\t\t\t\t\t<div class=\"wd-products-element\">\n\n\t\t\t\n\t\t\t\n\t\t\t\n\t\t\t<div class=\"products elements-grid row wd-products-holder pagination- wd-spacing-20 grid-columns-4 align-items-start\" data-paged=\"1\" data-atts=\"{&quot;element_title&quot;:&quot;&quot;,&quot;title_alignment&quot;:&quot;left&quot;,&quot;query_post_type&quot;:&quot;product&quot;,&quot;post_type&quot;:&quot;product&quot;,&quot;include&quot;:null,&quot;taxonomies&quot;:[&quot;20&quot;],&quot;offset&quot;:&quot;&quot;,&quot;orderby&quot;:&quot;&quot;,&quot;query_type&quot;:&quot;OR&quot;,&quot;order&quot;:null,&quot;meta_key&quot;:null,&quot;exclude&quot;:&quot;&quot;,&quot;shop_tools&quot;:null,&quot;hide_out_of_stock&quot;:&quot;no&quot;,&quot;ajax_recently_viewed&quot;:null,&quot;speed&quot;:null,&quot;slides_per_view&quot;:null,&quot;slides_per_view_tablet&quot;:{&quot;size&quot;:&quot;&quot;},&quot;slides_per_view_mobile&quot;:{&quot;size&quot;:&quot;&quot;},&quot;wrap&quot;:null,&quot;autoplay&quot;:null,&quot;center_mode&quot;:null,&quot;hide_pagination_control&quot;:null,&quot;hide_prev_next_buttons&quot;:null,&quot;scroll_per_page&quot;:null,&quot;layout&quot;:&quot;grid&quot;,&quot;pagination&quot;:&quot;&quot;,&quot;items_per_page&quot;:12,&quot;spacing&quot;:&quot;20&quot;,&quot;columns&quot;:{&quot;unit&quot;:&quot;px&quot;,&quot;size&quot;:4,&quot;sizes&quot;:[]},&quot;columns_tablet&quot;:{&quot;size&quot;:&quot;&quot;},&quot;columns_mobile&quot;:{&quot;size&quot;:&quot;&quot;},&quot;products_masonry&quot;:&quot;&quot;,&quot;products_different_sizes&quot;:&quot;&quot;,&quot;product_quantity&quot;:&quot;&quot;,&quot;product_hover&quot;:&quot;base&quot;,&quot;sale_countdown&quot;:&quot;0&quot;,&quot;stretch_product&quot;:&quot;0&quot;,&quot;stretch_product_tablet&quot;:0,&quot;stretch_product_mobile&quot;:0,&quot;stock_progress_bar&quot;:&quot;0&quot;,&quot;highlighted_products&quot;:&quot;0&quot;,&quot;products_bordered_grid&quot;:&quot;0&quot;,&quot;products_bordered_grid_style&quot;:null,&quot;products_with_background&quot;:&quot;0&quot;,&quot;products_shadow&quot;:&quot;0&quot;,&quot;products_color_scheme&quot;:&quot;default&quot;,&quot;img_size&quot;:&quot;large&quot;,&quot;img_size_custom&quot;:null,&quot;grid_gallery&quot;:&quot;&quot;,&quot;grid_gallery_control&quot;:null,&quot;grid_gallery_enable_arrows&quot;:null,&quot;ajax_page&quot;:&quot;&quot;,&quot;force_not_ajax&quot;:&quot;no&quot;,&quot;lazy_loading&quot;:&quot;no&quot;,&quot;scroll_carousel_init&quot;:null,&quot;custom_sizes&quot;:false,&quot;elementor&quot;:true}\" data-source=\"shortcode\" data-columns=\"4\" data-grid-gallery=\"\">\n\t\t\n\t\t\n\t\t\t\t\t\t\t\t<div class=\"product-grid-item product product-no-swatches wd-hover-base wd-hover-with-fade  col-lg-3 col-md-3 col-12 first  type-product post-15724 status-publish instock product_cat-et-mehsullari has-post-thumbnail shipping-taxable product-type-external\" data-loop=\"1\" data-id=\"15724\">\n\t\n\t\n<div class=\"product-wrapper\">\n\t<div class=\"content-product-imagin\"><\/div>\n\t<div class=\"product-element-top wd-quick-shop\">\n\t\t<a href=\"https:\/\/butam.az\/index.php\/product\/butov-toyuq\/\" class=\"product-image-link\">\n\t\t\t<img fetchpriority=\"high\" decoding=\"async\" width=\"711\" height=\"800\" src=\"https:\/\/butam.az\/wp-content\/uploads\/2023\/11\/Butov-Toyuq.jpg\" class=\"attachment-large size-large\" alt=\"\" srcset=\"https:\/\/butam.az\/wp-content\/uploads\/2023\/11\/Butov-Toyuq.jpg 711w, https:\/\/butam.az\/wp-content\/uploads\/2023\/11\/Butov-Toyuq-430x484.jpg 430w, https:\/\/butam.az\/wp-content\/uploads\/2023\/11\/Butov-Toyuq-150x169.jpg 150w, https:\/\/butam.az\/wp-content\/uploads\/2023\/11\/Butov-Toyuq-700x788.jpg 700w, https:\/\/butam.az\/wp-content\/uploads\/2023\/11\/Butov-Toyuq-267x300.jpg 267w\" sizes=\"(max-width: 711px) 100vw, 711px\" \/>\t\t<\/a>\n\n\t\t\n\t\t<div class=\"wrapp-swatches\"><\/div>\n\n\t<\/div>\n\n\t<div class=\"product-element-bottom product-information\">\n\t\t<h3 class=\"wd-entities-title\"><a href=\"https:\/\/butam.az\/index.php\/product\/butov-toyuq\/\">B\u00fctov Toyuq<\/a><\/h3>\t\t\t\t<div class=\"wd-product-cats\">\n\t\t\t<a href=\"https:\/\/butam.az\/index.php\/product-category\/et-mehsullari\/\" rel=\"tag\">\u018ft M\u0259hsullar\u0131<\/a>\t\t<\/div>\n\t\t\t\t<div class=\"product-rating-price\">\n\t\t\t<div class=\"wrapp-product-price\">\n\t\t\t\t\n\t\t\t\t\t\t\t<\/div>\n\t\t<\/div>\n\t\t<div class=\"fade-in-block wd-scroll\">\n\t\t\t<div class=\"hover-content wd-more-desc\">\n\t\t\t\t<div class=\"hover-content-inner wd-more-desc-inner\">\n\t\t\t\t\t\t\t\t\t<\/div>\n\t\t\t\t<a href=\"#\" rel=\"nofollow\" class=\"wd-more-desc-btn\" aria-label=\"Read more description\"><span><\/span><\/a>\n\t\t\t<\/div>\n\t\t\t<div class=\" wd-bottom-actions\">\n\t\t\t\t<div class=\"wrap-wishlist-button\"><\/div>\n\t\t\t\t<div class=\"wd-add-btn wd-add-btn-replace\">\n\t\t\t\t\t<a href=\"https:\/\/api.whatsapp.com\/send\/?phone=994125674600&#038;text&#038;type=phone_number&#038;app_absent=0\" data-quantity=\"1\" class=\"button product_type_external add-to-cart-loop\" data-product_id=\"15724\" data-product_sku=\"\" aria-label=\"WhatsApp&#039;dan Sifari\u015f\" rel=\"nofollow\"><span>WhatsApp&#039;dan Sifari\u015f<\/span><\/a>\t\t\t\t\t\t\t\t\t<\/div>\n\t\t\t\t<div class=\"wrap-quickview-button\"><\/div>\n\t\t\t<\/div>\n\n\n\t\t\t\t\t\t\n\t\t\t\t\t<\/div>\n\t<\/div>\n<\/div>\n<\/div>\n\t\t\t\t\t\t\t\t<div class=\"product-grid-item product product-no-swatches wd-hover-base wd-hover-with-fade  col-lg-3 col-md-3 col-12 type-product post-15732 status-publish instock product_cat-et-mehsullari has-post-thumbnail shipping-taxable product-type-external\" data-loop=\"2\" data-id=\"15732\">\n\t\n\t\n<div class=\"product-wrapper\">\n\t<div class=\"content-product-imagin\"><\/div>\n\t<div class=\"product-element-top wd-quick-shop\">\n\t\t<a href=\"https:\/\/butam.az\/index.php\/product\/dana-eti-sumuksuz\/\" class=\"product-image-link\">\n\t\t\t<img decoding=\"async\" width=\"711\" height=\"800\" src=\"https:\/\/butam.az\/wp-content\/uploads\/2023\/11\/Dana-Eti-sumuksuz.jpg\" class=\"attachment-large size-large\" alt=\"\" srcset=\"https:\/\/butam.az\/wp-content\/uploads\/2023\/11\/Dana-Eti-sumuksuz.jpg 711w, https:\/\/butam.az\/wp-content\/uploads\/2023\/11\/Dana-Eti-sumuksuz-430x484.jpg 430w, https:\/\/butam.az\/wp-content\/uploads\/2023\/11\/Dana-Eti-sumuksuz-150x169.jpg 150w, https:\/\/butam.az\/wp-content\/uploads\/2023\/11\/Dana-Eti-sumuksuz-700x788.jpg 700w, https:\/\/butam.az\/wp-content\/uploads\/2023\/11\/Dana-Eti-sumuksuz-267x300.jpg 267w\" sizes=\"(max-width: 711px) 100vw, 711px\" \/>\t\t<\/a>\n\n\t\t\n\t\t<div class=\"wrapp-swatches\"><\/div>\n\n\t<\/div>\n\n\t<div class=\"product-element-bottom product-information\">\n\t\t<h3 class=\"wd-entities-title\"><a href=\"https:\/\/butam.az\/index.php\/product\/dana-eti-sumuksuz\/\">Dana \u018fti s\u00fcm\u00fcks\u00fcz<\/a><\/h3>\t\t\t\t<div class=\"wd-product-cats\">\n\t\t\t<a href=\"https:\/\/butam.az\/index.php\/product-category\/et-mehsullari\/\" rel=\"tag\">\u018ft M\u0259hsullar\u0131<\/a>\t\t<\/div>\n\t\t\t\t<div class=\"product-rating-price\">\n\t\t\t<div class=\"wrapp-product-price\">\n\t\t\t\t\n\t\t\t\t\t\t\t<\/div>\n\t\t<\/div>\n\t\t<div class=\"fade-in-block wd-scroll\">\n\t\t\t<div class=\"hover-content wd-more-desc\">\n\t\t\t\t<div class=\"hover-content-inner wd-more-desc-inner\">\n\t\t\t\t\t\t\t\t\t<\/div>\n\t\t\t\t<a href=\"#\" rel=\"nofollow\" class=\"wd-more-desc-btn\" aria-label=\"Read more description\"><span><\/span><\/a>\n\t\t\t<\/div>\n\t\t\t<div class=\" wd-bottom-actions\">\n\t\t\t\t<div class=\"wrap-wishlist-button\"><\/div>\n\t\t\t\t<div class=\"wd-add-btn wd-add-btn-replace\">\n\t\t\t\t\t<a href=\"https:\/\/api.whatsapp.com\/send\/?phone=994125674600&#038;text&#038;type=phone_number&#038;app_absent=0\" data-quantity=\"1\" class=\"button product_type_external add-to-cart-loop\" data-product_id=\"15732\" data-product_sku=\"\" aria-label=\"WhatsApp&#039;dan Sifari\u015f\" rel=\"nofollow\"><span>WhatsApp&#039;dan Sifari\u015f<\/span><\/a>\t\t\t\t\t\t\t\t\t<\/div>\n\t\t\t\t<div class=\"wrap-quickview-button\"><\/div>\n\t\t\t<\/div>\n\n\n\t\t\t\t\t\t\n\t\t\t\t\t<\/div>\n\t<\/div>\n<\/div>\n<\/div>\n\t\t\t\t\t\t\t\t<div class=\"product-grid-item product product-no-swatches wd-hover-base wd-hover-with-fade  col-lg-3 col-md-3 col-12 type-product post-15734 status-publish last instock product_cat-et-mehsullari has-post-thumbnail shipping-taxable product-type-external\" data-loop=\"3\" data-id=\"15734\">\n\t\n\t\n<div class=\"product-wrapper\">\n\t<div class=\"content-product-imagin\"><\/div>\n\t<div class=\"product-element-top wd-quick-shop\">\n\t\t<a href=\"https:\/\/butam.az\/index.php\/product\/mal-eti-don%c9%99r\/\" class=\"product-image-link\">\n\t\t\t<img decoding=\"async\" width=\"711\" height=\"800\" src=\"https:\/\/butam.az\/wp-content\/uploads\/2023\/11\/Mal-Eti-don\u0259r.jpg\" class=\"attachment-large size-large\" alt=\"\" srcset=\"https:\/\/butam.az\/wp-content\/uploads\/2023\/11\/Mal-Eti-don\u0259r.jpg 711w, https:\/\/butam.az\/wp-content\/uploads\/2023\/11\/Mal-Eti-don\u0259r-430x484.jpg 430w, https:\/\/butam.az\/wp-content\/uploads\/2023\/11\/Mal-Eti-don\u0259r-150x169.jpg 150w, https:\/\/butam.az\/wp-content\/uploads\/2023\/11\/Mal-Eti-don\u0259r-700x788.jpg 700w, https:\/\/butam.az\/wp-content\/uploads\/2023\/11\/Mal-Eti-don\u0259r-267x300.jpg 267w\" sizes=\"(max-width: 711px) 100vw, 711px\" \/>\t\t<\/a>\n\n\t\t\n\t\t<div class=\"wrapp-swatches\"><\/div>\n\n\t<\/div>\n\n\t<div class=\"product-element-bottom product-information\">\n\t\t<h3 class=\"wd-entities-title\"><a href=\"https:\/\/butam.az\/index.php\/product\/mal-eti-don%c9%99r\/\">Mal \u018fti d\u00f6n\u0259r<\/a><\/h3>\t\t\t\t<div class=\"wd-product-cats\">\n\t\t\t<a href=\"https:\/\/butam.az\/index.php\/product-category\/et-mehsullari\/\" rel=\"tag\">\u018ft M\u0259hsullar\u0131<\/a>\t\t<\/div>\n\t\t\t\t<div class=\"product-rating-price\">\n\t\t\t<div class=\"wrapp-product-price\">\n\t\t\t\t\n\t\t\t\t\t\t\t<\/div>\n\t\t<\/div>\n\t\t<div class=\"fade-in-block wd-scroll\">\n\t\t\t<div class=\"hover-content wd-more-desc\">\n\t\t\t\t<div class=\"hover-content-inner wd-more-desc-inner\">\n\t\t\t\t\t\t\t\t\t<\/div>\n\t\t\t\t<a href=\"#\" rel=\"nofollow\" class=\"wd-more-desc-btn\" aria-label=\"Read more description\"><span><\/span><\/a>\n\t\t\t<\/div>\n\t\t\t<div class=\" wd-bottom-actions\">\n\t\t\t\t<div class=\"wrap-wishlist-button\"><\/div>\n\t\t\t\t<div class=\"wd-add-btn wd-add-btn-replace\">\n\t\t\t\t\t<a href=\"https:\/\/api.whatsapp.com\/send\/?phone=994125674600&#038;text&#038;type=phone_number&#038;app_absent=0\" data-quantity=\"1\" class=\"button product_type_external add-to-cart-loop\" data-product_id=\"15734\" data-product_sku=\"\" aria-label=\"WhatsApp&#039;dan Sifari\u015f\" rel=\"nofollow\"><span>WhatsApp&#039;dan Sifari\u015f<\/span><\/a>\t\t\t\t\t\t\t\t\t<\/div>\n\t\t\t\t<div class=\"wrap-quickview-button\"><\/div>\n\t\t\t<\/div>\n\n\n\t\t\t\t\t\t\n\t\t\t\t\t<\/div>\n\t<\/div>\n<\/div>\n<\/div>\n\t\t\t\t\t\t\t\t<div class=\"product-grid-item product product-no-swatches wd-hover-base wd-hover-with-fade  col-lg-3 col-md-3 col-12 last  type-product post-15736 status-publish first instock product_cat-et-mehsullari has-post-thumbnail shipping-taxable product-type-external\" data-loop=\"4\" data-id=\"15736\">\n\t\n\t\n<div class=\"product-wrapper\">\n\t<div class=\"content-product-imagin\"><\/div>\n\t<div class=\"product-element-top wd-quick-shop\">\n\t\t<a href=\"https:\/\/butam.az\/index.php\/product\/mal-eti-sumuklu\/\" class=\"product-image-link\">\n\t\t\t<img loading=\"lazy\" decoding=\"async\" width=\"711\" height=\"800\" src=\"https:\/\/butam.az\/wp-content\/uploads\/2023\/11\/Mal-Eti-sumuklu.jpg\" class=\"attachment-large size-large\" alt=\"\" srcset=\"https:\/\/butam.az\/wp-content\/uploads\/2023\/11\/Mal-Eti-sumuklu.jpg 711w, https:\/\/butam.az\/wp-content\/uploads\/2023\/11\/Mal-Eti-sumuklu-430x484.jpg 430w, https:\/\/butam.az\/wp-content\/uploads\/2023\/11\/Mal-Eti-sumuklu-150x169.jpg 150w, https:\/\/butam.az\/wp-content\/uploads\/2023\/11\/Mal-Eti-sumuklu-700x788.jpg 700w, https:\/\/butam.az\/wp-content\/uploads\/2023\/11\/Mal-Eti-sumuklu-267x300.jpg 267w\" sizes=\"(max-width: 711px) 100vw, 711px\" \/>\t\t<\/a>\n\n\t\t\n\t\t<div class=\"wrapp-swatches\"><\/div>\n\n\t<\/div>\n\n\t<div class=\"product-element-bottom product-information\">\n\t\t<h3 class=\"wd-entities-title\"><a href=\"https:\/\/butam.az\/index.php\/product\/mal-eti-sumuklu\/\">Mal \u018fti s\u00fcm\u00fckl\u00fc<\/a><\/h3>\t\t\t\t<div class=\"wd-product-cats\">\n\t\t\t<a href=\"https:\/\/butam.az\/index.php\/product-category\/et-mehsullari\/\" rel=\"tag\">\u018ft M\u0259hsullar\u0131<\/a>\t\t<\/div>\n\t\t\t\t<div class=\"product-rating-price\">\n\t\t\t<div class=\"wrapp-product-price\">\n\t\t\t\t\n\t\t\t\t\t\t\t<\/div>\n\t\t<\/div>\n\t\t<div class=\"fade-in-block wd-scroll\">\n\t\t\t<div class=\"hover-content wd-more-desc\">\n\t\t\t\t<div class=\"hover-content-inner wd-more-desc-inner\">\n\t\t\t\t\t\t\t\t\t<\/div>\n\t\t\t\t<a href=\"#\" rel=\"nofollow\" class=\"wd-more-desc-btn\" aria-label=\"Read more description\"><span><\/span><\/a>\n\t\t\t<\/div>\n\t\t\t<div class=\" wd-bottom-actions\">\n\t\t\t\t<div class=\"wrap-wishlist-button\"><\/div>\n\t\t\t\t<div class=\"wd-add-btn wd-add-btn-replace\">\n\t\t\t\t\t<a href=\"https:\/\/api.whatsapp.com\/send\/?phone=994125674600&#038;text&#038;type=phone_number&#038;app_absent=0\" data-quantity=\"1\" class=\"button product_type_external add-to-cart-loop\" data-product_id=\"15736\" data-product_sku=\"\" aria-label=\"WhatsApp&#039;dan Sifari\u015f\" rel=\"nofollow\"><span>WhatsApp&#039;dan Sifari\u015f<\/span><\/a>\t\t\t\t\t\t\t\t\t<\/div>\n\t\t\t\t<div class=\"wrap-quickview-button\"><\/div>\n\t\t\t<\/div>\n\n\n\t\t\t\t\t\t\n\t\t\t\t\t<\/div>\n\t<\/div>\n<\/div>\n<\/div>\n\t\t\t\t\t\t\t\t<div class=\"product-grid-item product product-no-swatches wd-hover-base wd-hover-with-fade  col-lg-3 col-md-3 col-12 first  type-product post-15738 status-publish instock product_cat-et-mehsullari has-post-thumbnail shipping-taxable product-type-external\" data-loop=\"5\" data-id=\"15738\">\n\t\n\t\n<div class=\"product-wrapper\">\n\t<div class=\"content-product-imagin\"><\/div>\n\t<div class=\"product-element-top wd-quick-shop\">\n\t\t<a href=\"https:\/\/butam.az\/index.php\/product\/mal-eti-sumuksuz\/\" class=\"product-image-link\">\n\t\t\t<img loading=\"lazy\" decoding=\"async\" width=\"711\" height=\"800\" src=\"https:\/\/butam.az\/wp-content\/uploads\/2023\/11\/Mal-Eti-sumuksuz.jpg\" class=\"attachment-large size-large\" alt=\"\" srcset=\"https:\/\/butam.az\/wp-content\/uploads\/2023\/11\/Mal-Eti-sumuksuz.jpg 711w, https:\/\/butam.az\/wp-content\/uploads\/2023\/11\/Mal-Eti-sumuksuz-430x484.jpg 430w, https:\/\/butam.az\/wp-content\/uploads\/2023\/11\/Mal-Eti-sumuksuz-150x169.jpg 150w, https:\/\/butam.az\/wp-content\/uploads\/2023\/11\/Mal-Eti-sumuksuz-700x788.jpg 700w, https:\/\/butam.az\/wp-content\/uploads\/2023\/11\/Mal-Eti-sumuksuz-267x300.jpg 267w\" sizes=\"(max-width: 711px) 100vw, 711px\" \/>\t\t<\/a>\n\n\t\t\n\t\t<div class=\"wrapp-swatches\"><\/div>\n\n\t<\/div>\n\n\t<div class=\"product-element-bottom product-information\">\n\t\t<h3 class=\"wd-entities-title\"><a href=\"https:\/\/butam.az\/index.php\/product\/mal-eti-sumuksuz\/\">Mal \u018fti s\u00fcm\u00fcks\u00fcz<\/a><\/h3>\t\t\t\t<div class=\"wd-product-cats\">\n\t\t\t<a href=\"https:\/\/butam.az\/index.php\/product-category\/et-mehsullari\/\" rel=\"tag\">\u018ft M\u0259hsullar\u0131<\/a>\t\t<\/div>\n\t\t\t\t<div class=\"product-rating-price\">\n\t\t\t<div class=\"wrapp-product-price\">\n\t\t\t\t\n\t\t\t\t\t\t\t<\/div>\n\t\t<\/div>\n\t\t<div class=\"fade-in-block wd-scroll\">\n\t\t\t<div class=\"hover-content wd-more-desc\">\n\t\t\t\t<div class=\"hover-content-inner wd-more-desc-inner\">\n\t\t\t\t\t\t\t\t\t<\/div>\n\t\t\t\t<a href=\"#\" rel=\"nofollow\" class=\"wd-more-desc-btn\" aria-label=\"Read more description\"><span><\/span><\/a>\n\t\t\t<\/div>\n\t\t\t<div class=\" wd-bottom-actions\">\n\t\t\t\t<div class=\"wrap-wishlist-button\"><\/div>\n\t\t\t\t<div class=\"wd-add-btn wd-add-btn-replace\">\n\t\t\t\t\t<a href=\"https:\/\/api.whatsapp.com\/send\/?phone=994125674600&#038;text&#038;type=phone_number&#038;app_absent=0\" data-quantity=\"1\" class=\"button product_type_external add-to-cart-loop\" data-product_id=\"15738\" data-product_sku=\"\" aria-label=\"WhatsApp&#039;dan Sifari\u015f\" rel=\"nofollow\"><span>WhatsApp&#039;dan Sifari\u015f<\/span><\/a>\t\t\t\t\t\t\t\t\t<\/div>\n\t\t\t\t<div class=\"wrap-quickview-button\"><\/div>\n\t\t\t<\/div>\n\n\n\t\t\t\t\t\t\n\t\t\t\t\t<\/div>\n\t<\/div>\n<\/div>\n<\/div>\n\t\t\t\t\t\t\t\t<div class=\"product-grid-item product product-no-swatches wd-hover-base wd-hover-with-fade  col-lg-3 col-md-3 col-12 type-product post-15740 status-publish instock product_cat-et-mehsullari has-post-thumbnail shipping-taxable product-type-external\" data-loop=\"6\" data-id=\"15740\">\n\t\n\t\n<div class=\"product-wrapper\">\n\t<div class=\"content-product-imagin\"><\/div>\n\t<div class=\"product-element-top wd-quick-shop\">\n\t\t<a href=\"https:\/\/butam.az\/index.php\/product\/sumuksuz-toyuq\/\" class=\"product-image-link\">\n\t\t\t<img loading=\"lazy\" decoding=\"async\" width=\"711\" height=\"800\" src=\"https:\/\/butam.az\/wp-content\/uploads\/2023\/11\/Sumuksuz-Toyuq.jpg\" class=\"attachment-large size-large\" alt=\"\" srcset=\"https:\/\/butam.az\/wp-content\/uploads\/2023\/11\/Sumuksuz-Toyuq.jpg 711w, https:\/\/butam.az\/wp-content\/uploads\/2023\/11\/Sumuksuz-Toyuq-430x484.jpg 430w, https:\/\/butam.az\/wp-content\/uploads\/2023\/11\/Sumuksuz-Toyuq-150x169.jpg 150w, https:\/\/butam.az\/wp-content\/uploads\/2023\/11\/Sumuksuz-Toyuq-700x788.jpg 700w, https:\/\/butam.az\/wp-content\/uploads\/2023\/11\/Sumuksuz-Toyuq-267x300.jpg 267w\" sizes=\"(max-width: 711px) 100vw, 711px\" \/>\t\t<\/a>\n\n\t\t\n\t\t<div class=\"wrapp-swatches\"><\/div>\n\n\t<\/div>\n\n\t<div class=\"product-element-bottom product-information\">\n\t\t<h3 class=\"wd-entities-title\"><a href=\"https:\/\/butam.az\/index.php\/product\/sumuksuz-toyuq\/\">S\u00fcm\u00fcks\u00fcz Toyuq<\/a><\/h3>\t\t\t\t<div class=\"wd-product-cats\">\n\t\t\t<a href=\"https:\/\/butam.az\/index.php\/product-category\/et-mehsullari\/\" rel=\"tag\">\u018ft M\u0259hsullar\u0131<\/a>\t\t<\/div>\n\t\t\t\t<div class=\"product-rating-price\">\n\t\t\t<div class=\"wrapp-product-price\">\n\t\t\t\t\n\t\t\t\t\t\t\t<\/div>\n\t\t<\/div>\n\t\t<div class=\"fade-in-block wd-scroll\">\n\t\t\t<div class=\"hover-content wd-more-desc\">\n\t\t\t\t<div class=\"hover-content-inner wd-more-desc-inner\">\n\t\t\t\t\t\t\t\t\t<\/div>\n\t\t\t\t<a href=\"#\" rel=\"nofollow\" class=\"wd-more-desc-btn\" aria-label=\"Read more description\"><span><\/span><\/a>\n\t\t\t<\/div>\n\t\t\t<div class=\" wd-bottom-actions\">\n\t\t\t\t<div class=\"wrap-wishlist-button\"><\/div>\n\t\t\t\t<div class=\"wd-add-btn wd-add-btn-replace\">\n\t\t\t\t\t<a href=\"https:\/\/api.whatsapp.com\/send\/?phone=994125674600&#038;text&#038;type=phone_number&#038;app_absent=0\" data-quantity=\"1\" class=\"button product_type_external add-to-cart-loop\" data-product_id=\"15740\" data-product_sku=\"\" aria-label=\"WhatsApp&#039;dan Sifari\u015f\" rel=\"nofollow\"><span>WhatsApp&#039;dan Sifari\u015f<\/span><\/a>\t\t\t\t\t\t\t\t\t<\/div>\n\t\t\t\t<div class=\"wrap-quickview-button\"><\/div>\n\t\t\t<\/div>\n\n\n\t\t\t\t\t\t\n\t\t\t\t\t<\/div>\n\t<\/div>\n<\/div>\n<\/div>\n\t\t\t\t\t\t\t\t<div class=\"product-grid-item product product-no-swatches wd-hover-base wd-hover-with-fade  col-lg-3 col-md-3 col-12 type-product post-15749 status-publish last instock product_cat-et-mehsullari has-post-thumbnail shipping-taxable product-type-external\" data-loop=\"7\" data-id=\"15749\">\n\t\n\t\n<div class=\"product-wrapper\">\n\t<div class=\"content-product-imagin\"><\/div>\n\t<div class=\"product-element-top wd-quick-shop\">\n\t\t<a href=\"https:\/\/butam.az\/index.php\/product\/toyuq-don%c9%99ri\/\" class=\"product-image-link\">\n\t\t\t<img loading=\"lazy\" decoding=\"async\" width=\"711\" height=\"800\" src=\"https:\/\/butam.az\/wp-content\/uploads\/2023\/11\/Toyuq-Don\u0259ri.jpg\" class=\"attachment-large size-large\" alt=\"\" srcset=\"https:\/\/butam.az\/wp-content\/uploads\/2023\/11\/Toyuq-Don\u0259ri.jpg 711w, https:\/\/butam.az\/wp-content\/uploads\/2023\/11\/Toyuq-Don\u0259ri-430x484.jpg 430w, https:\/\/butam.az\/wp-content\/uploads\/2023\/11\/Toyuq-Don\u0259ri-150x169.jpg 150w, https:\/\/butam.az\/wp-content\/uploads\/2023\/11\/Toyuq-Don\u0259ri-700x788.jpg 700w, https:\/\/butam.az\/wp-content\/uploads\/2023\/11\/Toyuq-Don\u0259ri-267x300.jpg 267w\" sizes=\"(max-width: 711px) 100vw, 711px\" \/>\t\t<\/a>\n\n\t\t\n\t\t<div class=\"wrapp-swatches\"><\/div>\n\n\t<\/div>\n\n\t<div class=\"product-element-bottom product-information\">\n\t\t<h3 class=\"wd-entities-title\"><a href=\"https:\/\/butam.az\/index.php\/product\/toyuq-don%c9%99ri\/\">Toyuq D\u00f6n\u0259ri<\/a><\/h3>\t\t\t\t<div class=\"wd-product-cats\">\n\t\t\t<a href=\"https:\/\/butam.az\/index.php\/product-category\/et-mehsullari\/\" rel=\"tag\">\u018ft M\u0259hsullar\u0131<\/a>\t\t<\/div>\n\t\t\t\t<div class=\"product-rating-price\">\n\t\t\t<div class=\"wrapp-product-price\">\n\t\t\t\t\n\t\t\t\t\t\t\t<\/div>\n\t\t<\/div>\n\t\t<div class=\"fade-in-block wd-scroll\">\n\t\t\t<div class=\"hover-content wd-more-desc\">\n\t\t\t\t<div class=\"hover-content-inner wd-more-desc-inner\">\n\t\t\t\t\t\t\t\t\t<\/div>\n\t\t\t\t<a href=\"#\" rel=\"nofollow\" class=\"wd-more-desc-btn\" aria-label=\"Read more description\"><span><\/span><\/a>\n\t\t\t<\/div>\n\t\t\t<div class=\" wd-bottom-actions\">\n\t\t\t\t<div class=\"wrap-wishlist-button\"><\/div>\n\t\t\t\t<div class=\"wd-add-btn wd-add-btn-replace\">\n\t\t\t\t\t<a href=\"https:\/\/api.whatsapp.com\/send\/?phone=994125674600&#038;text&#038;type=phone_number&#038;app_absent=0\" data-quantity=\"1\" class=\"button product_type_external add-to-cart-loop\" data-product_id=\"15749\" data-product_sku=\"\" aria-label=\"WhatsApp&#039;dan Sifari\u015f\" rel=\"nofollow\"><span>WhatsApp&#039;dan Sifari\u015f<\/span><\/a>\t\t\t\t\t\t\t\t\t<\/div>\n\t\t\t\t<div class=\"wrap-quickview-button\"><\/div>\n\t\t\t<\/div>\n\n\n\t\t\t\t\t\t\n\t\t\t\t\t<\/div>\n\t<\/div>\n<\/div>\n<\/div>\n\t\t\t\t\t\t\t\t<div class=\"product-grid-item product product-no-swatches wd-hover-base wd-hover-with-fade  col-lg-3 col-md-3 col-12 last  type-product post-15753 status-publish first instock product_cat-et-mehsullari has-post-thumbnail shipping-taxable product-type-external\" data-loop=\"8\" data-id=\"15753\">\n\t\n\t\n<div class=\"product-wrapper\">\n\t<div class=\"content-product-imagin\"><\/div>\n\t<div class=\"product-element-top wd-quick-shop\">\n\t\t<a href=\"https:\/\/butam.az\/index.php\/product\/toyuq-hiss%c9%99l%c9%99ri\/\" class=\"product-image-link\">\n\t\t\t<img loading=\"lazy\" decoding=\"async\" width=\"711\" height=\"800\" src=\"https:\/\/butam.az\/wp-content\/uploads\/2023\/11\/Toyuq-Hiss\u0259l\u0259ri.jpg\" class=\"attachment-large size-large\" alt=\"\" srcset=\"https:\/\/butam.az\/wp-content\/uploads\/2023\/11\/Toyuq-Hiss\u0259l\u0259ri.jpg 711w, https:\/\/butam.az\/wp-content\/uploads\/2023\/11\/Toyuq-Hiss\u0259l\u0259ri-430x484.jpg 430w, https:\/\/butam.az\/wp-content\/uploads\/2023\/11\/Toyuq-Hiss\u0259l\u0259ri-150x169.jpg 150w, https:\/\/butam.az\/wp-content\/uploads\/2023\/11\/Toyuq-Hiss\u0259l\u0259ri-700x788.jpg 700w, https:\/\/butam.az\/wp-content\/uploads\/2023\/11\/Toyuq-Hiss\u0259l\u0259ri-267x300.jpg 267w\" sizes=\"(max-width: 711px) 100vw, 711px\" \/>\t\t<\/a>\n\n\t\t\n\t\t<div class=\"wrapp-swatches\"><\/div>\n\n\t<\/div>\n\n\t<div class=\"product-element-bottom product-information\">\n\t\t<h3 class=\"wd-entities-title\"><a href=\"https:\/\/butam.az\/index.php\/product\/toyuq-hiss%c9%99l%c9%99ri\/\">Toyuq Hiss\u0259l\u0259ri<\/a><\/h3>\t\t\t\t<div class=\"wd-product-cats\">\n\t\t\t<a href=\"https:\/\/butam.az\/index.php\/product-category\/et-mehsullari\/\" rel=\"tag\">\u018ft M\u0259hsullar\u0131<\/a>\t\t<\/div>\n\t\t\t\t<div class=\"product-rating-price\">\n\t\t\t<div class=\"wrapp-product-price\">\n\t\t\t\t\n\t\t\t\t\t\t\t<\/div>\n\t\t<\/div>\n\t\t<div class=\"fade-in-block wd-scroll\">\n\t\t\t<div class=\"hover-content wd-more-desc\">\n\t\t\t\t<div class=\"hover-content-inner wd-more-desc-inner\">\n\t\t\t\t\t\t\t\t\t<\/div>\n\t\t\t\t<a href=\"#\" rel=\"nofollow\" class=\"wd-more-desc-btn\" aria-label=\"Read more description\"><span><\/span><\/a>\n\t\t\t<\/div>\n\t\t\t<div class=\" wd-bottom-actions\">\n\t\t\t\t<div class=\"wrap-wishlist-button\"><\/div>\n\t\t\t\t<div class=\"wd-add-btn wd-add-btn-replace\">\n\t\t\t\t\t<a href=\"https:\/\/api.whatsapp.com\/send\/?phone=994125674600&#038;text&#038;type=phone_number&#038;app_absent=0\" data-quantity=\"1\" class=\"button product_type_external add-to-cart-loop\" data-product_id=\"15753\" data-product_sku=\"\" aria-label=\"WhatsApp&#039;dan Sifari\u015f\" rel=\"nofollow\"><span>WhatsApp&#039;dan Sifari\u015f<\/span><\/a>\t\t\t\t\t\t\t\t\t<\/div>\n\t\t\t\t<div class=\"wrap-quickview-button\"><\/div>\n\t\t\t<\/div>\n\n\n\t\t\t\t\t\t\n\t\t\t\t\t<\/div>\n\t<\/div>\n<\/div>\n<\/div>\n\t\t\n\t\t\t\t<\/div>\n\t\n\t\t\n\t\t\n\t\t\t\t\t<\/div>\n\t\t\n\t\t\t\t\t\t<\/div>\n\t\t\t\t<\/div>\n\t\t\t\t\t<\/div>\n\t\t\t\t<\/div>\n\t\t\t\t<\/div>\n\t\t","protected":false},"excerpt":{"rendered":"<p>Compare B\u00fctov Toyuq \u018ft M\u0259hsullar\u0131 Add to wishlist View products Quick view Compare Dana \u018fti s\u00fcm\u00fcks\u00fcz \u018ft M\u0259hsullar\u0131 Add to<\/p>\n","protected":false},"author":1,"featured_media":0,"parent":0,"menu_order":0,"comment_status":"closed","ping_status":"closed","template":"","meta":{"footnotes":""},"class_list":["post-16109","page","type-page","status-publish","hentry"],"_links":{"self":[{"href":"https:\/\/butam.az\/index.php\/wp-json\/wp\/v2\/pages\/16109"}],"collection":[{"href":"https:\/\/butam.az\/index.php\/wp-json\/wp\/v2\/pages"}],"about":[{"href":"https:\/\/butam.az\/index.php\/wp-json\/wp\/v2\/types\/page"}],"author":[{"embeddable":true,"href":"https:\/\/butam.az\/index.php\/wp-json\/wp\/v2\/users\/1"}],"replies":[{"embeddable":true,"href":"https:\/\/butam.az\/index.php\/wp-json\/wp\/v2\/comments?post=16109"}],"version-history":[{"count":4,"href":"https:\/\/butam.az\/index.php\/wp-json\/wp\/v2\/pages\/16109\/revisions"}],"predecessor-version":[{"id":16113,"href":"https:\/\/butam.az\/index.php\/wp-json\/wp\/v2\/pages\/16109\/revisions\/16113"}],"wp:attachment":[{"href":"https:\/\/butam.az\/index.php\/wp-json\/wp\/v2\/media?parent=16109"}],"curies":[{"name":"wp","href":"https:\/\/api.w.org\/{rel}","templated":true}]}}