{"id":16539,"date":"2025-01-14T18:26:11","date_gmt":"2025-01-14T18:26:11","guid":{"rendered":"https:\/\/butam.az\/?page_id=16539"},"modified":"2025-01-14T20:05:20","modified_gmt":"2025-01-14T20:05:20","slug":"konfetler","status":"publish","type":"page","link":"https:\/\/butam.az\/index.php\/konfetler\/","title":{"rendered":"Konfetl\u0259r"},"content":{"rendered":"\t\t<div data-elementor-type=\"wp-page\" data-elementor-id=\"16539\" class=\"elementor elementor-16539\" data-elementor-post-type=\"page\">\n\t\t\t\t<div class=\"elementor-element elementor-element-32f3c55 e-flex e-con-boxed wd-section-disabled e-con e-parent\" data-id=\"32f3c55\" data-element_type=\"container\">\n\t\t\t\t\t<div class=\"e-con-inner\">\n\t\t\t\t<div class=\"elementor-element elementor-element-d4bc5f0 elementor-widget elementor-widget-wd_products\" data-id=\"d4bc5f0\" data-element_type=\"widget\" data-widget_type=\"wd_products.default\">\n\t\t\t\t<div class=\"elementor-widget-container\">\n\t\t\t\t\t\t\t\t\t\t<div class=\"wd-products-element\">\n\n\t\t\t\n\t\t\t\n\t\t\t\n\t\t\t<div class=\"products elements-grid row wd-products-holder pagination- wd-spacing-20 grid-columns-4 align-items-start\" data-paged=\"1\" data-atts=\"{&quot;element_title&quot;:&quot;&quot;,&quot;title_alignment&quot;:&quot;left&quot;,&quot;query_post_type&quot;:&quot;product&quot;,&quot;post_type&quot;:&quot;product&quot;,&quot;include&quot;:null,&quot;taxonomies&quot;:[&quot;81&quot;],&quot;offset&quot;:&quot;&quot;,&quot;orderby&quot;:&quot;&quot;,&quot;query_type&quot;:&quot;OR&quot;,&quot;order&quot;:null,&quot;meta_key&quot;:null,&quot;exclude&quot;:&quot;&quot;,&quot;shop_tools&quot;:null,&quot;hide_out_of_stock&quot;:&quot;no&quot;,&quot;ajax_recently_viewed&quot;:null,&quot;speed&quot;:null,&quot;slides_per_view&quot;:null,&quot;slides_per_view_tablet&quot;:{&quot;size&quot;:&quot;&quot;},&quot;slides_per_view_mobile&quot;:{&quot;size&quot;:&quot;&quot;},&quot;wrap&quot;:null,&quot;autoplay&quot;:null,&quot;center_mode&quot;:null,&quot;hide_pagination_control&quot;:null,&quot;hide_prev_next_buttons&quot;:null,&quot;scroll_per_page&quot;:null,&quot;layout&quot;:&quot;grid&quot;,&quot;pagination&quot;:&quot;&quot;,&quot;items_per_page&quot;:12,&quot;spacing&quot;:&quot;20&quot;,&quot;columns&quot;:{&quot;unit&quot;:&quot;px&quot;,&quot;size&quot;:4,&quot;sizes&quot;:[]},&quot;columns_tablet&quot;:{&quot;size&quot;:&quot;&quot;},&quot;columns_mobile&quot;:{&quot;size&quot;:&quot;&quot;},&quot;products_masonry&quot;:&quot;&quot;,&quot;products_different_sizes&quot;:&quot;&quot;,&quot;product_quantity&quot;:&quot;&quot;,&quot;product_hover&quot;:&quot;standard&quot;,&quot;sale_countdown&quot;:&quot;0&quot;,&quot;stretch_product&quot;:&quot;0&quot;,&quot;stretch_product_tablet&quot;:0,&quot;stretch_product_mobile&quot;:0,&quot;stock_progress_bar&quot;:&quot;0&quot;,&quot;highlighted_products&quot;:&quot;0&quot;,&quot;products_bordered_grid&quot;:&quot;0&quot;,&quot;products_bordered_grid_style&quot;:null,&quot;products_with_background&quot;:&quot;0&quot;,&quot;products_shadow&quot;:&quot;0&quot;,&quot;products_color_scheme&quot;:&quot;default&quot;,&quot;img_size&quot;:&quot;large&quot;,&quot;img_size_custom&quot;:null,&quot;grid_gallery&quot;:&quot;&quot;,&quot;grid_gallery_control&quot;:null,&quot;grid_gallery_enable_arrows&quot;:null,&quot;ajax_page&quot;:&quot;&quot;,&quot;force_not_ajax&quot;:&quot;no&quot;,&quot;lazy_loading&quot;:&quot;no&quot;,&quot;scroll_carousel_init&quot;:null,&quot;custom_sizes&quot;:false,&quot;elementor&quot;:true}\" data-source=\"shortcode\" data-columns=\"4\" data-grid-gallery=\"\">\n\t\t\n\t\t\n\t\t\t\t\t\t\t\t<div class=\"product-grid-item product wd-hover-standard  col-lg-3 col-md-3 col-12 first  type-product post-16535 status-publish instock product_cat-atisdirmaliq product_cat-konfetlr has-post-thumbnail shipping-taxable product-type-external\" data-loop=\"1\" data-id=\"16535\">\n\t\n\t\n<div class=\"product-wrapper\">\n\t<div class=\"product-element-top wd-quick-shop\">\n\t\t<a href=\"https:\/\/butam.az\/index.php\/product\/ciy%c9%99l%c9%99kli\/\" class=\"product-image-link\">\n\t\t\t<img fetchpriority=\"high\" decoding=\"async\" width=\"711\" height=\"800\" src=\"https:\/\/butam.az\/wp-content\/uploads\/2025\/01\/cciiyy179333-711x800.jpg\" class=\"attachment-large size-large\" alt=\"\" srcset=\"https:\/\/butam.az\/wp-content\/uploads\/2025\/01\/cciiyy179333-711x800.jpg 711w, https:\/\/butam.az\/wp-content\/uploads\/2025\/01\/cciiyy179333-267x300.jpg 267w, https:\/\/butam.az\/wp-content\/uploads\/2025\/01\/cciiyy179333-768x864.jpg 768w, https:\/\/butam.az\/wp-content\/uploads\/2025\/01\/cciiyy179333-11x12.jpg 11w, https:\/\/butam.az\/wp-content\/uploads\/2025\/01\/cciiyy179333-430x484.jpg 430w, https:\/\/butam.az\/wp-content\/uploads\/2025\/01\/cciiyy179333-700x788.jpg 700w, https:\/\/butam.az\/wp-content\/uploads\/2025\/01\/cciiyy179333-150x169.jpg 150w, https:\/\/butam.az\/wp-content\/uploads\/2025\/01\/cciiyy179333.jpg 800w\" sizes=\"(max-width: 711px) 100vw, 711px\" \/>\t\t<\/a>\n\n\t\t\n\t\t<div class=\"wd-buttons wd-pos-r-t\">\n\t\t\t\t\t\t\t\t\t\t\t\t\t\t<\/div>\n\t<\/div>\n\n\t\n\t\n\t<h3 class=\"wd-entities-title\"><a href=\"https:\/\/butam.az\/index.php\/product\/ciy%c9%99l%c9%99kli\/\">\u00c7iy\u0259l\u0259kli<\/a><\/h3>\n\t\t\t<div class=\"wd-product-cats\">\n\t\t\t<a href=\"https:\/\/butam.az\/index.php\/product-category\/atisdirmaliq\/\" rel=\"tag\">At\u0131\u015fd\u0131rmal\u0131q<\/a>, <a href=\"https:\/\/butam.az\/index.php\/product-category\/atisdirmaliq\/konfetl%c9%99r\/\" rel=\"tag\">Konfetl\u0259r<\/a>\t\t<\/div>\n\t\t\t\t\n\t\n\n\t<div class=\"wd-add-btn wd-add-btn-replace\">\n\t\t\n\t\t<a href=\"https:\/\/api.whatsapp.com\/send\/?phone=994604604600&#038;text&#038;type=phone_number&#038;app_absent=0\" data-quantity=\"1\" class=\"button product_type_external add-to-cart-loop\" data-product_id=\"16535\" data-product_sku=\"\" aria-label=\"WhatsApp\" rel=\"nofollow\"><span>WhatsApp<\/span><\/a>\t<\/div>\n\n\t\n\t\n\t\t<\/div>\n<\/div>\n\t\t\t\t\t\t\t\t<div class=\"product-grid-item product wd-hover-standard  col-lg-3 col-md-3 col-12 type-product post-16532 status-publish instock product_cat-atisdirmaliq product_cat-konfetlr has-post-thumbnail shipping-taxable product-type-external\" data-loop=\"2\" data-id=\"16532\">\n\t\n\t\n<div class=\"product-wrapper\">\n\t<div class=\"product-element-top wd-quick-shop\">\n\t\t<a href=\"https:\/\/butam.az\/index.php\/product\/kakoslu\/\" class=\"product-image-link\">\n\t\t\t<img decoding=\"async\" width=\"711\" height=\"800\" src=\"https:\/\/butam.az\/wp-content\/uploads\/2025\/01\/kakod891831-711x800.jpg\" class=\"attachment-large size-large\" alt=\"\" srcset=\"https:\/\/butam.az\/wp-content\/uploads\/2025\/01\/kakod891831-711x800.jpg 711w, https:\/\/butam.az\/wp-content\/uploads\/2025\/01\/kakod891831-267x300.jpg 267w, https:\/\/butam.az\/wp-content\/uploads\/2025\/01\/kakod891831-768x864.jpg 768w, https:\/\/butam.az\/wp-content\/uploads\/2025\/01\/kakod891831-11x12.jpg 11w, https:\/\/butam.az\/wp-content\/uploads\/2025\/01\/kakod891831-430x484.jpg 430w, https:\/\/butam.az\/wp-content\/uploads\/2025\/01\/kakod891831-700x788.jpg 700w, https:\/\/butam.az\/wp-content\/uploads\/2025\/01\/kakod891831-150x169.jpg 150w, https:\/\/butam.az\/wp-content\/uploads\/2025\/01\/kakod891831.jpg 800w\" sizes=\"(max-width: 711px) 100vw, 711px\" \/>\t\t<\/a>\n\n\t\t\n\t\t<div class=\"wd-buttons wd-pos-r-t\">\n\t\t\t\t\t\t\t\t\t\t\t\t\t\t<\/div>\n\t<\/div>\n\n\t\n\t\n\t<h3 class=\"wd-entities-title\"><a href=\"https:\/\/butam.az\/index.php\/product\/kakoslu\/\">Kakoslu<\/a><\/h3>\n\t\t\t<div class=\"wd-product-cats\">\n\t\t\t<a href=\"https:\/\/butam.az\/index.php\/product-category\/atisdirmaliq\/\" rel=\"tag\">At\u0131\u015fd\u0131rmal\u0131q<\/a>, <a href=\"https:\/\/butam.az\/index.php\/product-category\/atisdirmaliq\/konfetl%c9%99r\/\" rel=\"tag\">Konfetl\u0259r<\/a>\t\t<\/div>\n\t\t\t\t\n\t\n\n\t<div class=\"wd-add-btn wd-add-btn-replace\">\n\t\t\n\t\t<a href=\"https:\/\/api.whatsapp.com\/send\/?phone=994604604600&#038;text&#038;type=phone_number&#038;app_absent=0\" data-quantity=\"1\" class=\"button product_type_external add-to-cart-loop\" data-product_id=\"16532\" data-product_sku=\"\" aria-label=\"WhatsApp\" rel=\"nofollow\"><span>WhatsApp<\/span><\/a>\t<\/div>\n\n\t\n\t\n\t\t<\/div>\n<\/div>\n\t\t\t\t\t\t\t\t<div class=\"product-grid-item product wd-hover-standard  col-lg-3 col-md-3 col-12 type-product post-16503 status-publish last instock product_cat-atisdirmaliq product_cat-konfetlr has-post-thumbnail shipping-taxable product-type-external\" data-loop=\"3\" data-id=\"16503\">\n\t\n\t\n<div class=\"product-wrapper\">\n\t<div class=\"product-element-top wd-quick-shop\">\n\t\t<a href=\"https:\/\/butam.az\/index.php\/product\/karamelli\/\" class=\"product-image-link\">\n\t\t\t<img decoding=\"async\" width=\"711\" height=\"800\" src=\"https:\/\/butam.az\/wp-content\/uploads\/2025\/01\/kkka7318831-711x800.jpg\" class=\"attachment-large size-large\" alt=\"\" srcset=\"https:\/\/butam.az\/wp-content\/uploads\/2025\/01\/kkka7318831-711x800.jpg 711w, https:\/\/butam.az\/wp-content\/uploads\/2025\/01\/kkka7318831-267x300.jpg 267w, https:\/\/butam.az\/wp-content\/uploads\/2025\/01\/kkka7318831-768x864.jpg 768w, https:\/\/butam.az\/wp-content\/uploads\/2025\/01\/kkka7318831-11x12.jpg 11w, https:\/\/butam.az\/wp-content\/uploads\/2025\/01\/kkka7318831-430x484.jpg 430w, https:\/\/butam.az\/wp-content\/uploads\/2025\/01\/kkka7318831-700x788.jpg 700w, https:\/\/butam.az\/wp-content\/uploads\/2025\/01\/kkka7318831-150x169.jpg 150w, https:\/\/butam.az\/wp-content\/uploads\/2025\/01\/kkka7318831.jpg 800w\" sizes=\"(max-width: 711px) 100vw, 711px\" \/>\t\t<\/a>\n\n\t\t\n\t\t<div class=\"wd-buttons wd-pos-r-t\">\n\t\t\t\t\t\t\t\t\t\t\t\t\t\t<\/div>\n\t<\/div>\n\n\t\n\t\n\t<h3 class=\"wd-entities-title\"><a href=\"https:\/\/butam.az\/index.php\/product\/karamelli\/\">Karamelli<\/a><\/h3>\n\t\t\t<div class=\"wd-product-cats\">\n\t\t\t<a href=\"https:\/\/butam.az\/index.php\/product-category\/atisdirmaliq\/\" rel=\"tag\">At\u0131\u015fd\u0131rmal\u0131q<\/a>, <a href=\"https:\/\/butam.az\/index.php\/product-category\/atisdirmaliq\/konfetl%c9%99r\/\" rel=\"tag\">Konfetl\u0259r<\/a>\t\t<\/div>\n\t\t\t\t\n\t\n\n\t<div class=\"wd-add-btn wd-add-btn-replace\">\n\t\t\n\t\t<a href=\"https:\/\/api.whatsapp.com\/send\/?phone=994125674600&#038;text&#038;type=phone_number&#038;app_absent=0\" data-quantity=\"1\" class=\"button product_type_external add-to-cart-loop\" data-product_id=\"16503\" data-product_sku=\"\" aria-label=\"WhatsApp\" rel=\"nofollow\"><span>WhatsApp<\/span><\/a>\t<\/div>\n\n\t\n\t\n\t\t<\/div>\n<\/div>\n\t\t\t\t\t\t\t\t<div class=\"product-grid-item product wd-hover-standard  col-lg-3 col-md-3 col-12 last  type-product post-16529 status-publish first instock product_cat-atisdirmaliq product_cat-konfetlr has-post-thumbnail shipping-taxable product-type-external\" data-loop=\"4\" data-id=\"16529\">\n\t\n\t\n<div class=\"product-wrapper\">\n\t<div class=\"product-element-top wd-quick-shop\">\n\t\t<a href=\"https:\/\/butam.az\/index.php\/product\/karamelli-2\/\" class=\"product-image-link\">\n\t\t\t<img loading=\"lazy\" decoding=\"async\" width=\"711\" height=\"800\" src=\"https:\/\/butam.az\/wp-content\/uploads\/2025\/01\/k193190333-711x800.jpg\" class=\"attachment-large size-large\" alt=\"\" srcset=\"https:\/\/butam.az\/wp-content\/uploads\/2025\/01\/k193190333-711x800.jpg 711w, https:\/\/butam.az\/wp-content\/uploads\/2025\/01\/k193190333-267x300.jpg 267w, https:\/\/butam.az\/wp-content\/uploads\/2025\/01\/k193190333-768x864.jpg 768w, https:\/\/butam.az\/wp-content\/uploads\/2025\/01\/k193190333-11x12.jpg 11w, https:\/\/butam.az\/wp-content\/uploads\/2025\/01\/k193190333-430x484.jpg 430w, https:\/\/butam.az\/wp-content\/uploads\/2025\/01\/k193190333-700x788.jpg 700w, https:\/\/butam.az\/wp-content\/uploads\/2025\/01\/k193190333-150x169.jpg 150w, https:\/\/butam.az\/wp-content\/uploads\/2025\/01\/k193190333.jpg 800w\" sizes=\"(max-width: 711px) 100vw, 711px\" \/>\t\t<\/a>\n\n\t\t\n\t\t<div class=\"wd-buttons wd-pos-r-t\">\n\t\t\t\t\t\t\t\t\t\t\t\t\t\t<\/div>\n\t<\/div>\n\n\t\n\t\n\t<h3 class=\"wd-entities-title\"><a href=\"https:\/\/butam.az\/index.php\/product\/karamelli-2\/\">Karamelli<\/a><\/h3>\n\t\t\t<div class=\"wd-product-cats\">\n\t\t\t<a href=\"https:\/\/butam.az\/index.php\/product-category\/atisdirmaliq\/\" rel=\"tag\">At\u0131\u015fd\u0131rmal\u0131q<\/a>, <a href=\"https:\/\/butam.az\/index.php\/product-category\/atisdirmaliq\/konfetl%c9%99r\/\" rel=\"tag\">Konfetl\u0259r<\/a>\t\t<\/div>\n\t\t\t\t\n\t\n\n\t<div class=\"wd-add-btn wd-add-btn-replace\">\n\t\t\n\t\t<a href=\"https:\/\/api.whatsapp.com\/send\/?phone=994604604600&#038;text&#038;type=phone_number&#038;app_absent=0\" data-quantity=\"1\" class=\"button product_type_external add-to-cart-loop\" data-product_id=\"16529\" data-product_sku=\"\" aria-label=\"WhatsApp\" rel=\"nofollow\"><span>WhatsApp<\/span><\/a>\t<\/div>\n\n\t\n\t\n\t\t<\/div>\n<\/div>\n\t\t\t\t\t\t\t\t<div class=\"product-grid-item product wd-hover-standard  col-lg-3 col-md-3 col-12 first  type-product post-16526 status-publish instock product_cat-atisdirmaliq product_cat-konfetlr has-post-thumbnail shipping-taxable product-type-external\" data-loop=\"5\" data-id=\"16526\">\n\t\n\t\n<div class=\"product-wrapper\">\n\t<div class=\"product-element-top wd-quick-shop\">\n\t\t<a href=\"https:\/\/butam.az\/index.php\/product\/kofeli\/\" class=\"product-image-link\">\n\t\t\t<img loading=\"lazy\" decoding=\"async\" width=\"711\" height=\"800\" src=\"https:\/\/butam.az\/wp-content\/uploads\/2025\/01\/kkk4242-711x800.jpg\" class=\"attachment-large size-large\" alt=\"\" srcset=\"https:\/\/butam.az\/wp-content\/uploads\/2025\/01\/kkk4242-711x800.jpg 711w, https:\/\/butam.az\/wp-content\/uploads\/2025\/01\/kkk4242-267x300.jpg 267w, https:\/\/butam.az\/wp-content\/uploads\/2025\/01\/kkk4242-768x864.jpg 768w, https:\/\/butam.az\/wp-content\/uploads\/2025\/01\/kkk4242-11x12.jpg 11w, https:\/\/butam.az\/wp-content\/uploads\/2025\/01\/kkk4242-430x484.jpg 430w, https:\/\/butam.az\/wp-content\/uploads\/2025\/01\/kkk4242-700x788.jpg 700w, https:\/\/butam.az\/wp-content\/uploads\/2025\/01\/kkk4242-150x169.jpg 150w, https:\/\/butam.az\/wp-content\/uploads\/2025\/01\/kkk4242.jpg 800w\" sizes=\"(max-width: 711px) 100vw, 711px\" \/>\t\t<\/a>\n\n\t\t\n\t\t<div class=\"wd-buttons wd-pos-r-t\">\n\t\t\t\t\t\t\t\t\t\t\t\t\t\t<\/div>\n\t<\/div>\n\n\t\n\t\n\t<h3 class=\"wd-entities-title\"><a href=\"https:\/\/butam.az\/index.php\/product\/kofeli\/\">Kofeli<\/a><\/h3>\n\t\t\t<div class=\"wd-product-cats\">\n\t\t\t<a href=\"https:\/\/butam.az\/index.php\/product-category\/atisdirmaliq\/\" rel=\"tag\">At\u0131\u015fd\u0131rmal\u0131q<\/a>, <a href=\"https:\/\/butam.az\/index.php\/product-category\/atisdirmaliq\/konfetl%c9%99r\/\" rel=\"tag\">Konfetl\u0259r<\/a>\t\t<\/div>\n\t\t\t\t\n\t\n\n\t<div class=\"wd-add-btn wd-add-btn-replace\">\n\t\t\n\t\t<a href=\"https:\/\/api.whatsapp.com\/send\/?phone=994604604600&#038;text&#038;type=phone_number&#038;app_absent=0\" data-quantity=\"1\" class=\"button product_type_external add-to-cart-loop\" data-product_id=\"16526\" data-product_sku=\"\" aria-label=\"WhatsApp\" rel=\"nofollow\"><span>WhatsApp<\/span><\/a>\t<\/div>\n\n\t\n\t\n\t\t<\/div>\n<\/div>\n\t\t\t\t\t\t\t\t<div class=\"product-grid-item product wd-hover-standard  col-lg-3 col-md-3 col-12 type-product post-16521 status-publish instock product_cat-atisdirmaliq product_cat-konfetlr has-post-thumbnail shipping-taxable product-type-external\" data-loop=\"6\" data-id=\"16521\">\n\t\n\t\n<div class=\"product-wrapper\">\n\t<div class=\"product-element-top wd-quick-shop\">\n\t\t<a href=\"https:\/\/butam.az\/index.php\/product\/meyv%c9%99li\/\" class=\"product-image-link\">\n\t\t\t<img loading=\"lazy\" decoding=\"async\" width=\"711\" height=\"800\" src=\"https:\/\/butam.az\/wp-content\/uploads\/2025\/01\/mmm233232-711x800.jpg\" class=\"attachment-large size-large\" alt=\"\" srcset=\"https:\/\/butam.az\/wp-content\/uploads\/2025\/01\/mmm233232-711x800.jpg 711w, https:\/\/butam.az\/wp-content\/uploads\/2025\/01\/mmm233232-267x300.jpg 267w, https:\/\/butam.az\/wp-content\/uploads\/2025\/01\/mmm233232-768x864.jpg 768w, https:\/\/butam.az\/wp-content\/uploads\/2025\/01\/mmm233232-11x12.jpg 11w, https:\/\/butam.az\/wp-content\/uploads\/2025\/01\/mmm233232-430x484.jpg 430w, https:\/\/butam.az\/wp-content\/uploads\/2025\/01\/mmm233232-700x788.jpg 700w, https:\/\/butam.az\/wp-content\/uploads\/2025\/01\/mmm233232-150x169.jpg 150w, https:\/\/butam.az\/wp-content\/uploads\/2025\/01\/mmm233232.jpg 800w\" sizes=\"(max-width: 711px) 100vw, 711px\" \/>\t\t<\/a>\n\n\t\t\n\t\t<div class=\"wd-buttons wd-pos-r-t\">\n\t\t\t\t\t\t\t\t\t\t\t\t\t\t<\/div>\n\t<\/div>\n\n\t\n\t\n\t<h3 class=\"wd-entities-title\"><a href=\"https:\/\/butam.az\/index.php\/product\/meyv%c9%99li\/\">Meyv\u0259li<\/a><\/h3>\n\t\t\t<div class=\"wd-product-cats\">\n\t\t\t<a href=\"https:\/\/butam.az\/index.php\/product-category\/atisdirmaliq\/\" rel=\"tag\">At\u0131\u015fd\u0131rmal\u0131q<\/a>, <a href=\"https:\/\/butam.az\/index.php\/product-category\/atisdirmaliq\/konfetl%c9%99r\/\" rel=\"tag\">Konfetl\u0259r<\/a>\t\t<\/div>\n\t\t\t\t\n\t\n\n\t<div class=\"wd-add-btn wd-add-btn-replace\">\n\t\t\n\t\t<a href=\"https:\/\/api.whatsapp.com\/send\/?phone=994125674600&#038;text&#038;type=phone_number&#038;app_absent=0\" data-quantity=\"1\" class=\"button product_type_external add-to-cart-loop\" data-product_id=\"16521\" data-product_sku=\"\" aria-label=\"WhatsApp\" rel=\"nofollow\"><span>WhatsApp<\/span><\/a>\t<\/div>\n\n\t\n\t\n\t\t<\/div>\n<\/div>\n\t\t\t\t\t\t\t\t<div class=\"product-grid-item product wd-hover-standard  col-lg-3 col-md-3 col-12 type-product post-16518 status-publish last instock product_cat-atisdirmaliq product_cat-konfetlr has-post-thumbnail shipping-taxable product-type-external\" data-loop=\"7\" data-id=\"16518\">\n\t\n\t\n<div class=\"product-wrapper\">\n\t<div class=\"product-element-top wd-quick-shop\">\n\t\t<a href=\"https:\/\/butam.az\/index.php\/product\/nan%c9%99li\/\" class=\"product-image-link\">\n\t\t\t<img loading=\"lazy\" decoding=\"async\" width=\"711\" height=\"800\" src=\"https:\/\/butam.az\/wp-content\/uploads\/2025\/01\/cc23232-711x800.jpg\" class=\"attachment-large size-large\" alt=\"\" srcset=\"https:\/\/butam.az\/wp-content\/uploads\/2025\/01\/cc23232-711x800.jpg 711w, https:\/\/butam.az\/wp-content\/uploads\/2025\/01\/cc23232-267x300.jpg 267w, https:\/\/butam.az\/wp-content\/uploads\/2025\/01\/cc23232-768x864.jpg 768w, https:\/\/butam.az\/wp-content\/uploads\/2025\/01\/cc23232-11x12.jpg 11w, https:\/\/butam.az\/wp-content\/uploads\/2025\/01\/cc23232-430x484.jpg 430w, https:\/\/butam.az\/wp-content\/uploads\/2025\/01\/cc23232-700x788.jpg 700w, https:\/\/butam.az\/wp-content\/uploads\/2025\/01\/cc23232-150x169.jpg 150w, https:\/\/butam.az\/wp-content\/uploads\/2025\/01\/cc23232.jpg 800w\" sizes=\"(max-width: 711px) 100vw, 711px\" \/>\t\t<\/a>\n\n\t\t\n\t\t<div class=\"wd-buttons wd-pos-r-t\">\n\t\t\t\t\t\t\t\t\t\t\t\t\t\t<\/div>\n\t<\/div>\n\n\t\n\t\n\t<h3 class=\"wd-entities-title\"><a href=\"https:\/\/butam.az\/index.php\/product\/nan%c9%99li\/\">Nan\u0259li<\/a><\/h3>\n\t\t\t<div class=\"wd-product-cats\">\n\t\t\t<a href=\"https:\/\/butam.az\/index.php\/product-category\/atisdirmaliq\/\" rel=\"tag\">At\u0131\u015fd\u0131rmal\u0131q<\/a>, <a href=\"https:\/\/butam.az\/index.php\/product-category\/atisdirmaliq\/konfetl%c9%99r\/\" rel=\"tag\">Konfetl\u0259r<\/a>\t\t<\/div>\n\t\t\t\t\n\t\n\n\t<div class=\"wd-add-btn wd-add-btn-replace\">\n\t\t\n\t\t<a href=\"https:\/\/api.whatsapp.com\/send\/?phone=994125674600&#038;text&#038;type=phone_number&#038;app_absent=0\" data-quantity=\"1\" class=\"button product_type_external add-to-cart-loop\" data-product_id=\"16518\" data-product_sku=\"\" aria-label=\"WhatsApp\" rel=\"nofollow\"><span>WhatsApp<\/span><\/a>\t<\/div>\n\n\t\n\t\n\t\t<\/div>\n<\/div>\n\t\t\t\t\t\t\t\t<div class=\"product-grid-item product wd-hover-standard  col-lg-3 col-md-3 col-12 last  type-product post-16515 status-publish first instock product_cat-atisdirmaliq product_cat-konfetlr has-post-thumbnail shipping-taxable product-type-external\" data-loop=\"8\" data-id=\"16515\">\n\t\n\t\n<div class=\"product-wrapper\">\n\t<div class=\"product-element-top wd-quick-shop\">\n\t\t<a href=\"https:\/\/butam.az\/index.php\/product\/candy2\/\" class=\"product-image-link\">\n\t\t\t<img loading=\"lazy\" decoding=\"async\" width=\"711\" height=\"800\" src=\"https:\/\/butam.az\/wp-content\/uploads\/2025\/01\/cfff-711x800.jpg\" class=\"attachment-large size-large\" alt=\"\" srcset=\"https:\/\/butam.az\/wp-content\/uploads\/2025\/01\/cfff-711x800.jpg 711w, https:\/\/butam.az\/wp-content\/uploads\/2025\/01\/cfff-267x300.jpg 267w, https:\/\/butam.az\/wp-content\/uploads\/2025\/01\/cfff-768x864.jpg 768w, https:\/\/butam.az\/wp-content\/uploads\/2025\/01\/cfff-11x12.jpg 11w, https:\/\/butam.az\/wp-content\/uploads\/2025\/01\/cfff-430x484.jpg 430w, https:\/\/butam.az\/wp-content\/uploads\/2025\/01\/cfff-700x788.jpg 700w, https:\/\/butam.az\/wp-content\/uploads\/2025\/01\/cfff-150x169.jpg 150w, https:\/\/butam.az\/wp-content\/uploads\/2025\/01\/cfff.jpg 800w\" sizes=\"(max-width: 711px) 100vw, 711px\" \/>\t\t<\/a>\n\n\t\t\n\t\t<div class=\"wd-buttons wd-pos-r-t\">\n\t\t\t\t\t\t\t\t\t\t\t\t\t\t<\/div>\n\t<\/div>\n\n\t\n\t\n\t<h3 class=\"wd-entities-title\"><a href=\"https:\/\/butam.az\/index.php\/product\/candy2\/\">Qar\u0131\u015f\u0131q Meyv\u0259li<\/a><\/h3>\n\t\t\t<div class=\"wd-product-cats\">\n\t\t\t<a href=\"https:\/\/butam.az\/index.php\/product-category\/atisdirmaliq\/\" rel=\"tag\">At\u0131\u015fd\u0131rmal\u0131q<\/a>, <a href=\"https:\/\/butam.az\/index.php\/product-category\/atisdirmaliq\/konfetl%c9%99r\/\" rel=\"tag\">Konfetl\u0259r<\/a>\t\t<\/div>\n\t\t\t\t\n\t\n\n\t<div class=\"wd-add-btn wd-add-btn-replace\">\n\t\t\n\t\t<a href=\"https:\/\/api.whatsapp.com\/send\/?phone=994125674600&#038;text&#038;type=phone_number&#038;app_absent=0\" data-quantity=\"1\" class=\"button product_type_external add-to-cart-loop\" data-product_id=\"16515\" data-product_sku=\"\" aria-label=\"WhatsApp\" rel=\"nofollow\"><span>WhatsApp<\/span><\/a>\t<\/div>\n\n\t\n\t\n\t\t<\/div>\n<\/div>\n\t\t\n\t\t\t\t<\/div>\n\t\n\t\t\n\t\t\n\t\t\t\t\t<\/div>\n\t\t\n\t\t\t\t\t\t<\/div>\n\t\t\t\t<\/div>\n\t\t\t\t\t<\/div>\n\t\t\t\t<\/div>\n\t\t\t\t<\/div>\n\t\t","protected":false},"excerpt":{"rendered":"<p>\u00c7iy\u0259l\u0259kli At\u0131\u015fd\u0131rmal\u0131q, Konfetl\u0259r WhatsApp Kakoslu At\u0131\u015fd\u0131rmal\u0131q, Konfetl\u0259r WhatsApp Karamelli At\u0131\u015fd\u0131rmal\u0131q, Konfetl\u0259r WhatsApp Karamelli At\u0131\u015fd\u0131rmal\u0131q, Konfetl\u0259r WhatsApp Kofeli At\u0131\u015fd\u0131rmal\u0131q, Konfetl\u0259r WhatsApp<\/p>\n","protected":false},"author":1,"featured_media":0,"parent":0,"menu_order":0,"comment_status":"closed","ping_status":"closed","template":"","meta":{"footnotes":""},"class_list":["post-16539","page","type-page","status-publish","hentry"],"_links":{"self":[{"href":"https:\/\/butam.az\/index.php\/wp-json\/wp\/v2\/pages\/16539"}],"collection":[{"href":"https:\/\/butam.az\/index.php\/wp-json\/wp\/v2\/pages"}],"about":[{"href":"https:\/\/butam.az\/index.php\/wp-json\/wp\/v2\/types\/page"}],"author":[{"embeddable":true,"href":"https:\/\/butam.az\/index.php\/wp-json\/wp\/v2\/users\/1"}],"replies":[{"embeddable":true,"href":"https:\/\/butam.az\/index.php\/wp-json\/wp\/v2\/comments?post=16539"}],"version-history":[{"count":7,"href":"https:\/\/butam.az\/index.php\/wp-json\/wp\/v2\/pages\/16539\/revisions"}],"predecessor-version":[{"id":16546,"href":"https:\/\/butam.az\/index.php\/wp-json\/wp\/v2\/pages\/16539\/revisions\/16546"}],"wp:attachment":[{"href":"https:\/\/butam.az\/index.php\/wp-json\/wp\/v2\/media?parent=16539"}],"curies":[{"name":"wp","href":"https:\/\/api.w.org\/{rel}","templated":true}]}}