{"id":4400,"date":"2021-10-12T15:51:09","date_gmt":"2021-10-12T15:51:09","guid":{"rendered":"http:\/\/dummy.xtemos.com\/woodmart2\/elementor\/?page_id=4400"},"modified":"2024-01-12T14:10:47","modified_gmt":"2024-01-12T14:10:47","slug":"haqqimizda","status":"publish","type":"page","link":"https:\/\/butam.az\/index.php\/haqqimizda\/","title":{"rendered":"Missiyam\u0131z"},"content":{"rendered":"\t\t<div data-elementor-type=\"wp-page\" data-elementor-id=\"4400\" class=\"elementor elementor-4400\" data-elementor-post-type=\"page\">\n\t\t\t\t<div class=\"elementor-element elementor-element-2f4e197 e-flex e-con-boxed wd-section-disabled e-con e-parent\" data-id=\"2f4e197\" data-element_type=\"container\">\n\t\t\t\t\t<div class=\"e-con-inner\">\n\t\t\t\t<div class=\"elementor-element elementor-element-864adbe elementor-widget elementor-widget-wd_image_or_svg\" data-id=\"864adbe\" data-element_type=\"widget\" data-widget_type=\"wd_image_or_svg.default\">\n\t\t\t\t<div class=\"elementor-widget-container\">\n\t\t\t\t\t\n\t\t<div class=\"wd-image text-center\">\n\t\t\t\t\t\t\t\t\t\t\t\t\t<\/div>\n\n\t\t\t\t\t\t<\/div>\n\t\t\t\t<\/div>\n\t\t\t\t\t<\/div>\n\t\t\t\t<\/div>\n\t\t<div class=\"elementor-element elementor-element-bccf0f3 e-flex e-con-boxed wd-section-disabled e-con e-parent\" data-id=\"bccf0f3\" data-element_type=\"container\">\n\t\t\t\t\t<div class=\"e-con-inner\">\n\t\t\t\t<div class=\"elementor-element elementor-element-fd66b0c elementor-widget elementor-widget-wd_title\" data-id=\"fd66b0c\" data-element_type=\"widget\" data-widget_type=\"wd_title.default\">\n\t\t\t\t<div class=\"elementor-widget-container\">\n\t\t\t\t\t\t\t<div class=\"title-wrapper set-mb-s reset-last-child wd-title-color-primary wd-title-style-default wd-title-size-large text-center\">\n\n\t\t\t\t\t\t\t<div class=\"title-subtitle subtitle-color-primary subtitle-style-default wd-fontsize-xs\">\n\t\t\t\t\tBUTAM\t\t\t\t<\/div>\n\t\t\t\n\t\t\t<div class=\"liner-continer\">\n\t\t\t\t<h4 class=\"woodmart-title-container title wd-fontsize-xxl\">Bizim Missiyam\u0131z<\/h4> \n\t\t\t\t\t\t\t<\/div>\n\n\t\t\t\t\t<\/div>\n\t\t\t\t\t\t<\/div>\n\t\t\t\t<\/div>\n\t\t\t\t<div class=\"elementor-element elementor-element-07a8b34 elementor-widget elementor-widget-wd_text_block\" data-id=\"07a8b34\" data-element_type=\"widget\" data-widget_type=\"wd_text_block.default\">\n\t\t\t\t<div class=\"elementor-widget-container\">\n\t\t\t\t\t\t\t<div class=\"wd-text-block reset-last-child text-center\">\n\t\t\t\n\t\t\t<p>2015 ci ild\u0259 \u201cAZPROTR\u201d M\u0259hdud M\u0259suliyy\u0259tli C\u0259miyy\u0259ti t\u0259sis edilib.<\/p><p>M\u00fc\u0259ssis\u0259mizin Bu Tam \u0259mt\u0259\u0259 n\u0131\u015fanl\u0131 v\u0259 Food Servis MMC \u2013 l\u0259ri il\u0259 \u0259sas prinsipi Yerli istehsal \u00e7esidl\u0259rimizi artirmaqla yerli bazarda \u00f6z markamizla m\u0259hsul \u00e7esidl\u0259rimizi istehlak\u00e7ilara y\u00fcks\u0259k keyfiyy\u0259tl\u0259 istehsal edib son t\u00fck\u0259ticiy\u0259 \u00e7atd\u0131rmaqd\u0131r.<\/p><p>M\u00fc\u0259ssis\u0259l\u0259rimizin daxili istehsal v\u0259 eyni zamanda p\u0259rak\u0259nd\u0259 Satisi il\u0259 m\u00fc\u015ft\u0259ri m\u0259mnunlugunu \u0259ld\u0259 etm\u0259yi \u0259sas tutaraq f\u0259aliyy\u0259t\u0259 ba\u015flam\u0131\u015fd\u0131r.<\/p><p>H\u0259d\u0259fimiz \u00d6lk\u0259mizin istehsal g\u00fcc\u00fcn\u00fc art\u0131rmaqla \u0130dxaldan as\u0131l\u0131l\u0131\u011f\u0131n\u0131 azalmas\u0131na v\u0259 ixrac potensial\u0131n\u0131 daha da g\u00fccl\u00fc v\u0259 k\u00f6kl\u00fc olmas\u0131na nail olmaq v\u0259 eyni zamanda Az\u0259rbaycan iqtisadiyyat\u0131n\u0131n d\u00fcnya bazar\u0131nda i\u015ftirak\u0131n\u0131 t\u0259min etm\u0259kl\u0259 m\u0259hsul \u00e7esidliliyinin v\u0259 keyfiyy\u0259tinin optimallasd\u0131r\u0131lmas\u0131na \u00e7al\u0131\u015fmaq v\u0259 bu istiqam\u0259td\u0259 b\u00fct\u00fcn bilik bacar\u0131\u011f\u0131n\u0131 s\u0259f\u0259rb\u0259r etm\u0259kdir.<\/p>\n\t\t\t\t\t<\/div>\n\t\t\t\t\t\t<\/div>\n\t\t\t\t<\/div>\n\t\t\t\t\t<\/div>\n\t\t\t\t<\/div>\n\t\t\t\t<\/div>\n\t\t","protected":false},"excerpt":{"rendered":"<p>BUTAM Bizim Missiyam\u0131z 2015 ci ild\u0259 \u201cAZPROTR\u201d M\u0259hdud M\u0259suliyy\u0259tli C\u0259miyy\u0259ti t\u0259sis edilib. M\u00fc\u0259ssis\u0259mizin Bu Tam \u0259mt\u0259\u0259 n\u0131\u015fanl\u0131 v\u0259 Food Servis<\/p>\n","protected":false},"author":1,"featured_media":0,"parent":0,"menu_order":0,"comment_status":"closed","ping_status":"closed","template":"","meta":{"footnotes":""},"class_list":["post-4400","page","type-page","status-publish","hentry"],"_links":{"self":[{"href":"https:\/\/butam.az\/index.php\/wp-json\/wp\/v2\/pages\/4400"}],"collection":[{"href":"https:\/\/butam.az\/index.php\/wp-json\/wp\/v2\/pages"}],"about":[{"href":"https:\/\/butam.az\/index.php\/wp-json\/wp\/v2\/types\/page"}],"author":[{"embeddable":true,"href":"https:\/\/butam.az\/index.php\/wp-json\/wp\/v2\/users\/1"}],"replies":[{"embeddable":true,"href":"https:\/\/butam.az\/index.php\/wp-json\/wp\/v2\/comments?post=4400"}],"version-history":[{"count":20,"href":"https:\/\/butam.az\/index.php\/wp-json\/wp\/v2\/pages\/4400\/revisions"}],"predecessor-version":[{"id":16352,"href":"https:\/\/butam.az\/index.php\/wp-json\/wp\/v2\/pages\/4400\/revisions\/16352"}],"wp:attachment":[{"href":"https:\/\/butam.az\/index.php\/wp-json\/wp\/v2\/media?parent=4400"}],"curies":[{"name":"wp","href":"https:\/\/api.w.org\/{rel}","templated":true}]}}