{"id":15732,"date":"2023-11-20T19:13:49","date_gmt":"2023-11-20T19:13:49","guid":{"rendered":"https:\/\/butam.az\/?post_type=product&#038;p=15732"},"modified":"2023-11-30T16:49:42","modified_gmt":"2023-11-30T16:49:42","slug":"dana-eti-sumuksuz","status":"publish","type":"product","link":"https:\/\/butam.az\/index.php\/product\/dana-eti-sumuksuz\/","title":{"rendered":"Dana \u018fti s\u00fcm\u00fcks\u00fcz"},"content":{"rendered":"","protected":false},"excerpt":{"rendered":"","protected":false},"featured_media":15726,"comment_status":"closed","ping_status":"closed","template":"","meta":[],"product_cat":[20],"product_tag":[],"class_list":{"0":"post-15732","1":"product","2":"type-product","3":"status-publish","4":"has-post-thumbnail","6":"product_cat-et-mehsullari","8":"first","9":"instock","10":"shipping-taxable","11":"product-type-external"},"_links":{"self":[{"href":"https:\/\/butam.az\/index.php\/wp-json\/wp\/v2\/product\/15732"}],"collection":[{"href":"https:\/\/butam.az\/index.php\/wp-json\/wp\/v2\/product"}],"about":[{"href":"https:\/\/butam.az\/index.php\/wp-json\/wp\/v2\/types\/product"}],"replies":[{"embeddable":true,"href":"https:\/\/butam.az\/index.php\/wp-json\/wp\/v2\/comments?post=15732"}],"version-history":[{"count":1,"href":"https:\/\/butam.az\/index.php\/wp-json\/wp\/v2\/product\/15732\/revisions"}],"predecessor-version":[{"id":15733,"href":"https:\/\/butam.az\/index.php\/wp-json\/wp\/v2\/product\/15732\/revisions\/15733"}],"wp:featuredmedia":[{"embeddable":true,"href":"https:\/\/butam.az\/index.php\/wp-json\/wp\/v2\/media\/15726"}],"wp:attachment":[{"href":"https:\/\/butam.az\/index.php\/wp-json\/wp\/v2\/media?parent=15732"}],"wp:term":[{"taxonomy":"product_cat","embeddable":true,"href":"https:\/\/butam.az\/index.php\/wp-json\/wp\/v2\/product_cat?post=15732"},{"taxonomy":"product_tag","embeddable":true,"href":"https:\/\/butam.az\/index.php\/wp-json\/wp\/v2\/product_tag?post=15732"}],"curies":[{"name":"wp","href":"https:\/\/api.w.org\/{rel}","templated":true}]}}