{"id":15736,"date":"2023-11-20T19:14:39","date_gmt":"2023-11-20T19:14:39","guid":{"rendered":"https:\/\/butam.az\/?post_type=product&#038;p=15736"},"modified":"2023-11-30T16:49:22","modified_gmt":"2023-11-30T16:49:22","slug":"mal-eti-sumuklu","status":"publish","type":"product","link":"https:\/\/butam.az\/index.php\/product\/mal-eti-sumuklu\/","title":{"rendered":"Mal \u018fti s\u00fcm\u00fckl\u00fc"},"content":{"rendered":"","protected":false},"excerpt":{"rendered":"","protected":false},"featured_media":15728,"comment_status":"closed","ping_status":"closed","template":"","meta":[],"product_cat":[20],"product_tag":[],"class_list":{"0":"post-15736","1":"product","2":"type-product","3":"status-publish","4":"has-post-thumbnail","6":"product_cat-et-mehsullari","8":"first","9":"instock","10":"shipping-taxable","11":"product-type-external"},"_links":{"self":[{"href":"https:\/\/butam.az\/index.php\/wp-json\/wp\/v2\/product\/15736"}],"collection":[{"href":"https:\/\/butam.az\/index.php\/wp-json\/wp\/v2\/product"}],"about":[{"href":"https:\/\/butam.az\/index.php\/wp-json\/wp\/v2\/types\/product"}],"replies":[{"embeddable":true,"href":"https:\/\/butam.az\/index.php\/wp-json\/wp\/v2\/comments?post=15736"}],"version-history":[{"count":1,"href":"https:\/\/butam.az\/index.php\/wp-json\/wp\/v2\/product\/15736\/revisions"}],"predecessor-version":[{"id":15737,"href":"https:\/\/butam.az\/index.php\/wp-json\/wp\/v2\/product\/15736\/revisions\/15737"}],"wp:featuredmedia":[{"embeddable":true,"href":"https:\/\/butam.az\/index.php\/wp-json\/wp\/v2\/media\/15728"}],"wp:attachment":[{"href":"https:\/\/butam.az\/index.php\/wp-json\/wp\/v2\/media?parent=15736"}],"wp:term":[{"taxonomy":"product_cat","embeddable":true,"href":"https:\/\/butam.az\/index.php\/wp-json\/wp\/v2\/product_cat?post=15736"},{"taxonomy":"product_tag","embeddable":true,"href":"https:\/\/butam.az\/index.php\/wp-json\/wp\/v2\/product_tag?post=15736"}],"curies":[{"name":"wp","href":"https:\/\/api.w.org\/{rel}","templated":true}]}}