{"id":15740,"date":"2023-11-20T19:15:33","date_gmt":"2023-11-20T19:15:33","guid":{"rendered":"https:\/\/butam.az\/?post_type=product&#038;p=15740"},"modified":"2023-11-30T16:48:15","modified_gmt":"2023-11-30T16:48:15","slug":"sumuksuz-toyuq","status":"publish","type":"product","link":"https:\/\/butam.az\/index.php\/product\/sumuksuz-toyuq\/","title":{"rendered":"S\u00fcm\u00fcks\u00fcz Toyuq"},"content":{"rendered":"","protected":false},"excerpt":{"rendered":"","protected":false},"featured_media":15730,"comment_status":"closed","ping_status":"closed","template":"","meta":[],"product_cat":[20],"product_tag":[],"class_list":{"0":"post-15740","1":"product","2":"type-product","3":"status-publish","4":"has-post-thumbnail","6":"product_cat-et-mehsullari","8":"first","9":"instock","10":"shipping-taxable","11":"product-type-external"},"_links":{"self":[{"href":"https:\/\/butam.az\/index.php\/wp-json\/wp\/v2\/product\/15740"}],"collection":[{"href":"https:\/\/butam.az\/index.php\/wp-json\/wp\/v2\/product"}],"about":[{"href":"https:\/\/butam.az\/index.php\/wp-json\/wp\/v2\/types\/product"}],"replies":[{"embeddable":true,"href":"https:\/\/butam.az\/index.php\/wp-json\/wp\/v2\/comments?post=15740"}],"version-history":[{"count":1,"href":"https:\/\/butam.az\/index.php\/wp-json\/wp\/v2\/product\/15740\/revisions"}],"predecessor-version":[{"id":15741,"href":"https:\/\/butam.az\/index.php\/wp-json\/wp\/v2\/product\/15740\/revisions\/15741"}],"wp:featuredmedia":[{"embeddable":true,"href":"https:\/\/butam.az\/index.php\/wp-json\/wp\/v2\/media\/15730"}],"wp:attachment":[{"href":"https:\/\/butam.az\/index.php\/wp-json\/wp\/v2\/media?parent=15740"}],"wp:term":[{"taxonomy":"product_cat","embeddable":true,"href":"https:\/\/butam.az\/index.php\/wp-json\/wp\/v2\/product_cat?post=15740"},{"taxonomy":"product_tag","embeddable":true,"href":"https:\/\/butam.az\/index.php\/wp-json\/wp\/v2\/product_tag?post=15740"}],"curies":[{"name":"wp","href":"https:\/\/api.w.org\/{rel}","templated":true}]}}