{"id":16028,"date":"2023-11-29T10:21:36","date_gmt":"2023-11-29T10:21:36","guid":{"rendered":"https:\/\/butam.az\/?post_type=product&#038;p=16028"},"modified":"2023-11-30T16:39:32","modified_gmt":"2023-11-30T16:39:32","slug":"bu-tam-ketcup-acili-20-3kq","status":"publish","type":"product","link":"https:\/\/butam.az\/index.php\/product\/bu-tam-ketcup-acili-20-3kq\/","title":{"rendered":"Bu Tam ket\u00e7up ac\u0131l\u0131 20% 3kq"},"content":{"rendered":"","protected":false},"excerpt":{"rendered":"","protected":false},"featured_media":16016,"comment_status":"closed","ping_status":"closed","template":"","meta":[],"product_cat":[70],"product_tag":[],"class_list":{"0":"post-16028","1":"product","2":"type-product","3":"status-publish","4":"has-post-thumbnail","6":"product_cat-dadlandiricilar","8":"first","9":"instock","10":"shipping-taxable","11":"product-type-external"},"_links":{"self":[{"href":"https:\/\/butam.az\/index.php\/wp-json\/wp\/v2\/product\/16028"}],"collection":[{"href":"https:\/\/butam.az\/index.php\/wp-json\/wp\/v2\/product"}],"about":[{"href":"https:\/\/butam.az\/index.php\/wp-json\/wp\/v2\/types\/product"}],"replies":[{"embeddable":true,"href":"https:\/\/butam.az\/index.php\/wp-json\/wp\/v2\/comments?post=16028"}],"version-history":[{"count":1,"href":"https:\/\/butam.az\/index.php\/wp-json\/wp\/v2\/product\/16028\/revisions"}],"predecessor-version":[{"id":16029,"href":"https:\/\/butam.az\/index.php\/wp-json\/wp\/v2\/product\/16028\/revisions\/16029"}],"wp:featuredmedia":[{"embeddable":true,"href":"https:\/\/butam.az\/index.php\/wp-json\/wp\/v2\/media\/16016"}],"wp:attachment":[{"href":"https:\/\/butam.az\/index.php\/wp-json\/wp\/v2\/media?parent=16028"}],"wp:term":[{"taxonomy":"product_cat","embeddable":true,"href":"https:\/\/butam.az\/index.php\/wp-json\/wp\/v2\/product_cat?post=16028"},{"taxonomy":"product_tag","embeddable":true,"href":"https:\/\/butam.az\/index.php\/wp-json\/wp\/v2\/product_tag?post=16028"}],"curies":[{"name":"wp","href":"https:\/\/api.w.org\/{rel}","templated":true}]}}