{"id":16515,"date":"2025-01-14T18:00:14","date_gmt":"2025-01-14T18:00:14","guid":{"rendered":"https:\/\/butam.az\/?post_type=product&#038;p=16515"},"modified":"2025-01-14T18:07:21","modified_gmt":"2025-01-14T18:07:21","slug":"candy2","status":"publish","type":"product","link":"https:\/\/butam.az\/index.php\/product\/candy2\/","title":{"rendered":"Qar\u0131\u015f\u0131q Meyv\u0259li"},"content":{"rendered":"","protected":false},"excerpt":{"rendered":"","protected":false},"featured_media":16516,"comment_status":"closed","ping_status":"closed","template":"","meta":[],"product_cat":[80,81],"product_tag":[],"class_list":{"0":"post-16515","1":"product","2":"type-product","3":"status-publish","4":"has-post-thumbnail","6":"product_cat-atisdirmaliq","7":"product_cat-konfetlr","9":"first","10":"instock","11":"shipping-taxable","12":"product-type-external"},"_links":{"self":[{"href":"https:\/\/butam.az\/index.php\/wp-json\/wp\/v2\/product\/16515"}],"collection":[{"href":"https:\/\/butam.az\/index.php\/wp-json\/wp\/v2\/product"}],"about":[{"href":"https:\/\/butam.az\/index.php\/wp-json\/wp\/v2\/types\/product"}],"replies":[{"embeddable":true,"href":"https:\/\/butam.az\/index.php\/wp-json\/wp\/v2\/comments?post=16515"}],"version-history":[{"count":2,"href":"https:\/\/butam.az\/index.php\/wp-json\/wp\/v2\/product\/16515\/revisions"}],"predecessor-version":[{"id":16524,"href":"https:\/\/butam.az\/index.php\/wp-json\/wp\/v2\/product\/16515\/revisions\/16524"}],"wp:featuredmedia":[{"embeddable":true,"href":"https:\/\/butam.az\/index.php\/wp-json\/wp\/v2\/media\/16516"}],"wp:attachment":[{"href":"https:\/\/butam.az\/index.php\/wp-json\/wp\/v2\/media?parent=16515"}],"wp:term":[{"taxonomy":"product_cat","embeddable":true,"href":"https:\/\/butam.az\/index.php\/wp-json\/wp\/v2\/product_cat?post=16515"},{"taxonomy":"product_tag","embeddable":true,"href":"https:\/\/butam.az\/index.php\/wp-json\/wp\/v2\/product_tag?post=16515"}],"curies":[{"name":"wp","href":"https:\/\/api.w.org\/{rel}","templated":true}]}}